{"id":15735,"date":"2020-03-18T14:46:21","date_gmt":"2020-11-28T13:18:17","guid":{"rendered":"https:\/\/biostema.com\/prodotto\/creme-anti-age-active-de-levage\/"},"modified":"2023-07-02T13:12:50","modified_gmt":"2023-07-02T11:12:50","slug":"creme-active-lifting-anti-vieillissement-anti-vieillissement","status":"publish","type":"product","link":"https:\/\/biostema.com\/fr\/prodotto\/creme-active-lifting-anti-vieillissement-anti-vieillissement\/","title":{"rendered":"Cr\u00e8me anti-\u00e2ge active de levage"},"content":{"rendered":"<p><strong>Biostema cr\u00e8me active anti-vieillissement naturel concentr\u00e9 lifting tr\u00e8s efficace avec une profonde hydratante, tonifiante, r\u00e9g\u00e9n\u00e9rante, protectrice et \u00e9clairante action.<\/strong> La cr\u00e8me de levage anti-\u00e2ge<strong> naturelle concentr\u00e9e r\u00e9duit rapidement les rides et les<\/strong> ridules en les repulpant de l\u2019int\u00e9rieur.<\/p>\n<p>Cr\u00e8me anti-lifting anti-\u00e2ge Biostema <strong> c\u2019est un concentr\u00e9 d\u2019ingr\u00e9dients actifs de la plus haute qualit\u00e9 (acide hyaluronique pur, aloe vera, vitamine C, vitamine et, r\u00e9tinol, collag\u00e8ne marin, huile d\u2019argan, bave d\u2019escargot, huile de Jojoba, huile de figue, beurre de karit\u00e9)<\/strong> qui agissent ensemble obtenant ainsi les soins de beaut\u00e9 parfaitement \u00e9quilibr\u00e9s pour votre peau.<\/p>\n<p>La cr\u00e8me anti-lifting biostema anti-\u00e2ge \u00e0 haute dose favorise une apparence parfaitement soign\u00e9e, rajeunie et sans rides de la peau. La combinaison d\u2019ingr\u00e9dients actifs de qualit\u00e9 permet d\u2019obtenir une action hydratante d\u2019efficacit\u00e9 <strong>scientifiquement prouv\u00e9e<\/strong> qui dodu, r\u00e9duit les rides, r\u00e9\u00e9quilibre les carences en hydratation et restaure l\u2019\u00e9lasticit\u00e9 des jeunes. Un soin de beaut\u00e9 exceptionnel <strong>pour le visage, le cou et le d\u00e9collet\u00e9.<\/strong><\/p>\n<p>La cr\u00e8me est tr\u00e8s efficace \u00e0 la fois dans la jeune peau emp\u00eachant le vieillissement et dans la peau mature pour son action repulpante et de remplissage.<\/p>\n<p>Dermatologiquement et microbiologiquement test\u00e9 anti-vieillissement cr\u00e8me de levage biostema est produit en Italie dans le respect des normes de qualit\u00e9 les plus \u00e9lev\u00e9es et formul\u00e9 avec des ingr\u00e9dients admis \u00e0 la r\u00e9glementation biologique.<\/p>\n<p><strong>Caract\u00e9ristiques et avantages :<\/strong><\/p>\n<ul>\n<li><strong>Effets anti-\u00e2ge visibles gr\u00e2ce \u00e0 la forte concentration d\u2019ingr\u00e9dients actifs;<\/strong><\/li>\n<li><strong>Formule extr\u00eamement nutritive avec des ingr\u00e9dients v\u00e9g\u00e9taux d\u2019excellente qualit\u00e9;<\/strong><\/li>\n<li><strong>Pour une peau parfaitement soign\u00e9e, visiblement plus \u00e9lastique et tonique;<\/strong><\/li>\n<li><strong>Cosm\u00e9tiques naturels, biologiques, sans cruaut\u00e9 et fabriqu\u00e9s en Italie;<\/strong><\/li>\n<li><strong>Il ne contient pas de produits chimiques nocifs, de parab\u00e8nes, de microplastiques ou d\u2019hormones;<\/strong><\/li>\n<li><strong>\u00c9tire imm\u00e9diatement les rides superficielles favorisant un aspect plus lisse et plus jeune du teint d\u00e9j\u00e0 apr\u00e8s une courte p\u00e9riode d\u2019application;<\/strong><\/li>\n<li><strong>Am\u00e9lioration globale de la structure de la peau en liant les mol\u00e9cules d\u2019eau et en r\u00e9\u00e9quilibrant l\u2019hydratation naturelle pour une apparence plus saine et plus uniforme;<\/strong><\/li>\n<li><strong>Effet anti-\u00e2ge \u00e0 long terme gr\u00e2ce \u00e0 la stimulation de la production cellulaire;<\/strong><\/li>\n<li><strong>Alimentation puissante riche en:<\/strong>\n<ul>\n<li><strong>L\u2019acide hyaluronique 100% pur <\/strong>repulpe et neutralise la perte de volume de notre peau ;<\/li>\n<li><strong>L\u2019aloe vera <\/strong>a des propri\u00e9t\u00e9s antibact\u00e9riennes, antiseptiques, anti-inflammatoires et apaisantes cr\u00e9ant une d\u00e9fense naturelle pour la peau et aide le corps \u00e0 r\u00e9agir rapidement au stress et<strong>aux irritations de la peau,<\/strong> simplifiant les processus de r\u00e9paration des signes sur la<b>peau;<\/b><\/li>\n<li><strong>La vitamine C pure est <\/strong>l\u2019antioxydant le plus efficace contre les effets d\u00e9g\u00e9n\u00e9rants des radicaux libres, revitalise et am\u00e9liore l\u2019\u00e9lasticit\u00e9 de la peau en stimulant la formation de collag\u00e8ne, la prot\u00e8ge des rayons ultraviolets et contrecarre les effets des substances toxiques en emp\u00eachant les taches dues \u00e0 l\u2019\u00e2ge avanc\u00e9 et \u00e9claircit ceux existants;<\/li>\n<li><strong>La vitamine E pure <\/strong>a une plus grande capacit\u00e9 antioxydante et maintient la peau douce, lisse et hydrat\u00e9e;<\/li>\n<li><strong>La boue d\u2019escargot a <\/strong>une action nutritionnelle, r\u00e9g\u00e9n\u00e9rante, exfoliante, purifiante, hydratante et antioxydante sur la peau;<\/li>\n<li><strong>Le collag\u00e8ne marin <\/strong>r\u00e9pare les tissus cutan\u00e9s et favorise la renaissance de structures cellulaires plus faibles;<\/li>\n<li><strong>Huile d\u2019argan<\/strong> riche en antioxydants, qui contrecarrent la formation de radicaux libres responsables du vieillissement, et les substances hydratantes, qui augmentent la production de collag\u00e8ne et de maintenir les fibres \u00e9lastiques, aidant ainsi la peau du visage \u00e0 rester frais et jeune au fil du temps.<\/li>\n<li><strong>L\u2019huile de Jojoba<\/strong> revitalise, r\u00e9g\u00e9n\u00e8re et apaise la peau irrit\u00e9e, la renforce et pr\u00e9vient les rides;<\/li>\n<li><strong>Le r\u00e9tinol<\/strong> stimule l\u2019\u00e9lasticit\u00e9 de la peau et la production de collag\u00e8ne favorisant la luminosit\u00e9 naturelle de la peau et r\u00e9g\u00e9n\u00e9rant la m\u00e9lanine pour contrer la formation de taches sombres disgracieuses.<\/li>\n<li><strong>Rosehip a <\/strong>des propri\u00e9t\u00e9s anti-inflammatoires et vitaminiques;<\/li>\n<li><strong>Ginseng<\/strong> a la propri\u00e9t\u00e9 de contrecarrer les radicaux libres responsables du vieillissement cellulaire, parce qu\u2019il est extr\u00eamement riche en antioxydants;<\/li>\n<li><strong>Le beurre de karit\u00e9 est<\/strong> riche en antioxydants, combat les radicaux libres et am\u00e9liore la microcirculation du sang en emp\u00eachant les rides r lutte, ecz\u00e9ma, dermatite et aide \u00e0 marquer les signes de la peau, tels que les petites cicatrices et les signes d\u2019acn\u00e9;<\/li>\n<li><strong>L\u2019huile de <\/strong>figue a des propri\u00e9t\u00e9s r\u00e9g\u00e9n\u00e9rantes, de restructuration, rafferiliantes et aide \u00e0 ralentir le processus de vieillissement de la peau et \u00e0 pr\u00e9venir la formation de rides;<\/li>\n<li><strong>L\u2019huile de Sesama<\/strong> a des propri\u00e9t\u00e9s anti-inflammatoires naturelles adapt\u00e9es aux soins de la peau et \u00e0 la protection;<\/li>\n<li><strong>L\u2019huile de riz<\/strong> a des propri\u00e9t\u00e9s antioxydantes, contre le vieillissement cellulaire et les radicaux libres;<\/li>\n<\/ul>\n<ul>\n<li><strong>Parfum biologique certifi\u00e9 ICEA;<\/strong><\/li>\n<\/ul>\n<\/li>\n<\/ul>\n<p>&nbsp;<\/p>\n<p>LA QUALIT\u00c9 D\u2019UN PRODUIT COSM\u00c9TIQUE D\u00c9PEND UNIQUEMENT DE SES INGR\u00c9DIENTS ET BIOSTEME EST SYNONYME DE COSM\u00c9TIQUES DE LA PLUS HAUTE QUALIT\u00c9, DURABLES ET EFFICACES PRODUITS EN <strong>ITALIE <\/strong>ET CERTIFI\u00c9S PAR WWW.COSMETICANALYSIS.COM PAR L\u2019INTERM\u00c9DIAIRE DE L\u2019INSTITUT POUR L\u2019AVANCEMENT DE LA<strong> SANT\u00c9 DE LA PEAU.<\/strong><\/p>\n<p>&nbsp;<\/p>\n<p><strong>Ingr\u00e9dients:<\/strong> AQUA, ARGANIA SPINOSA KERNEL OIL*, FILTRATE DE S\u00c9CR\u00c9TION D\u2019ESCARGOT, TOCOPH\u00c9ROL, HUILE DE GRAINES SIMMONDSIA CHINENSIS, HUILE DE GRAINES DE SESAMUM INDICUM, HUILE D\u2019ORYZA SATIVA*, ST\u00c9ARATE DE GLYC\u00c9YL, CETEARYL ALCOOL, GLYC\u00c9RINE, OPUNTIA FICUS INDICA HUILE DE GRAINES, ACIDE ASCORBIQUE, HYALURONATE DE SODIUM, COLLAG\u00c8NE HYDROLYS\u00c9, EXTRAIT D\u2019ALOE BARBADENSIS, EXTRAIT DE FRUITS CANINS ROSES*, EXTRAIT DE GINSENG PANAX*, BEURRE DE BUTYROSPERMUM PARKII*, PROT\u00c9INE DE BL\u00c9 HYDROLYS\u00c9E DE PALMITOYL DE POTASSIUM, PALMITATE DE RETINYL, SORBATE DE POTASSIUM, BENZOATE DE SODIUM, BENZOATE DE BENZOATE DE BENZYL DE POTASSIUM, ALCOOL DE BENZYL , ACIDE D\u00c9SHYDROAC\u00c9TIQUE, PARFUM**.<br \/>\n<em>* DE L\u2019AGRICULTURE BIOLOGIQUE<\/em><br \/>\n<em>**PARFUM BIOLOGIQUE CERTIFI\u00c9 ICEA<\/em><\/p>\n<p><strong>COMMENT UTILISER<\/strong>:<\/p>\n<ol>\n<li>Lavez-vous le visage ou la partie o\u00f9 vous voulez l\u2019appliquer avec de l\u2019eau chaude et s\u00e9cher en tamponnant.<\/li>\n<li>Appliquer une petite quantit\u00e9 de s\u00e9rum sur le visage, le contour des yeux, le cou et le d\u00e9collet\u00e9.<\/li>\n<li>Massage avec mouvements rotatifs du centre vers l\u2019ext\u00e9rieur sur le visage et du bas vers le haut sur le cou.<\/li>\n<li>Terminer en mettant une l\u00e9g\u00e8re pression sur le visage, le cou et le d\u00e9collet\u00e9 avec les deux mains jusqu\u2019\u00e0 ce qu\u2019ils soient compl\u00e8tement absorb\u00e9s.<\/li>\n<\/ol>\n<p>&nbsp;<\/p>\n<p><strong>AVERTISSEMENTS<\/strong>:<\/p>\n<p>Utilisation externe. Ne pas utiliser en cas d\u2019intol\u00e9rance aux ingr\u00e9dients d\u00e9crits. \u00c9loignez-vous de la port\u00e9e des enfants. Rangez la bouteille ferm\u00e9e correctement loin des sources de lumi\u00e8re ou de chaleur. La premi\u00e8re fois que vous l\u2019utilisez est recommand\u00e9 de faire un test sur une petite zone de la peau d\u2019une dur\u00e9e de 24 heures, pour v\u00e9rifier les r\u00e9actions allergiques.<\/p>\n","protected":false},"excerpt":{"rendered":"<p><span style=\"font-size: 16px;\">Riche, concentr\u00e9, naturel cr\u00e8me de levage anti-vieillissement<\/span> est tr\u00e8s efficace d\u00e8s les premi\u00e8res applications avec une profonde hydratante, vivifiante, r\u00e9g\u00e9n\u00e9rante, protectrice et \u00e9clairante action indiqu\u00e9e pour le traitement et la pr\u00e9vention du vieillissement.<\/p>\n","protected":false},"featured_media":16264,"comment_status":"open","ping_status":"closed","template":"","meta":{"_uag_custom_page_level_css":"","site-sidebar-layout":"no-sidebar","site-content-layout":"boxed-container","ast-site-content-layout":"","site-content-style":"default","site-sidebar-style":"default","ast-global-header-display":"","ast-banner-title-visibility":"","ast-main-header-display":"","ast-hfb-above-header-display":"","ast-hfb-below-header-display":"","ast-hfb-mobile-header-display":"","site-post-title":"","ast-breadcrumbs-content":"","ast-featured-img":"","footer-sml-layout":"","theme-transparent-header-meta":"default","adv-header-id-meta":"","stick-header-meta":"default","header-above-stick-meta":"","header-main-stick-meta":"","header-below-stick-meta":"","astra-migrate-meta-layouts":"default","ast-page-background-enabled":"default","ast-page-background-meta":{"desktop":{"background-color":"","background-image":"","background-repeat":"repeat","background-position":"center center","background-size":"auto","background-attachment":"scroll","background-type":"","background-media":"","overlay-type":"","overlay-color":"","overlay-opacity":"","overlay-gradient":""},"tablet":{"background-color":"","background-image":"","background-repeat":"repeat","background-position":"center center","background-size":"auto","background-attachment":"scroll","background-type":"","background-media":"","overlay-type":"","overlay-color":"","overlay-opacity":"","overlay-gradient":""},"mobile":{"background-color":"","background-image":"","background-repeat":"repeat","background-position":"center center","background-size":"auto","background-attachment":"scroll","background-type":"","background-media":"","overlay-type":"","overlay-color":"","overlay-opacity":"","overlay-gradient":""}},"ast-content-background-meta":{"desktop":{"background-color":"var(--ast-global-color-5)","background-image":"","background-repeat":"repeat","background-position":"center center","background-size":"auto","background-attachment":"scroll","background-type":"","background-media":"","overlay-type":"","overlay-color":"","overlay-opacity":"","overlay-gradient":""},"tablet":{"background-color":"var(--ast-global-color-5)","background-image":"","background-repeat":"repeat","background-position":"center center","background-size":"auto","background-attachment":"scroll","background-type":"","background-media":"","overlay-type":"","overlay-color":"","overlay-opacity":"","overlay-gradient":""},"mobile":{"background-color":"var(--ast-global-color-5)","background-image":"","background-repeat":"repeat","background-position":"center center","background-size":"auto","background-attachment":"scroll","background-type":"","background-media":"","overlay-type":"","overlay-color":"","overlay-opacity":"","overlay-gradient":""}}},"product_cat":[172],"product_tag":[],"yst_prominent_words":[],"class_list":{"0":"post-15735","1":"product","2":"type-product","3":"status-publish","4":"has-post-thumbnail","6":"product_cat-soin-anti-age","7":"desktop-align-left","8":"tablet-align-left","9":"mobile-align-left","11":"first","12":"instock","13":"sale","14":"taxable","15":"shipping-taxable","16":"purchasable","17":"product-type-simple"},"uagb_featured_image_src":{"full":["https:\/\/biostema.com\/wp-content\/uploads\/2020\/03\/crema-con-scatola800x800.jpg",800,800,false],"thumbnail":["https:\/\/biostema.com\/wp-content\/uploads\/2020\/03\/crema-con-scatola800x800-150x150.jpg",150,150,true],"medium":["https:\/\/biostema.com\/wp-content\/uploads\/2020\/03\/crema-con-scatola800x800-300x300.jpg",300,300,true],"medium_large":["https:\/\/biostema.com\/wp-content\/uploads\/2020\/03\/crema-con-scatola800x800-768x768.jpg",768,768,true],"large":["https:\/\/biostema.com\/wp-content\/uploads\/2020\/03\/crema-con-scatola800x800.jpg",800,800,false],"1536x1536":["https:\/\/biostema.com\/wp-content\/uploads\/2020\/03\/crema-con-scatola800x800.jpg",800,800,false],"2048x2048":["https:\/\/biostema.com\/wp-content\/uploads\/2020\/03\/crema-con-scatola800x800.jpg",800,800,false],"woocommerce_thumbnail":["https:\/\/biostema.com\/wp-content\/uploads\/2020\/03\/crema-con-scatola800x800-300x300.jpg",300,300,true],"woocommerce_single":["https:\/\/biostema.com\/wp-content\/uploads\/2020\/03\/crema-con-scatola800x800-600x600.jpg",600,600,true],"woocommerce_gallery_thumbnail":["https:\/\/biostema.com\/wp-content\/uploads\/2020\/03\/crema-con-scatola800x800-100x100.jpg",100,100,true]},"uagb_author_info":{"display_name":"antonino","author_link":"https:\/\/biostema.com\/fr\/author\/"},"uagb_comment_info":1,"uagb_excerpt":"Riche, concentr\u00e9, naturel cr\u00e8me de levage anti-vieillissement est tr\u00e8s efficace d\u00e8s les premi\u00e8res applications avec une profonde hydratante, vivifiante, r\u00e9g\u00e9n\u00e9rante, protectrice et \u00e9clairante action indiqu\u00e9e pour le traitement et la pr\u00e9vention du vieillissement.","_links":{"self":[{"href":"https:\/\/biostema.com\/fr\/wp-json\/wp\/v2\/product\/15735"}],"collection":[{"href":"https:\/\/biostema.com\/fr\/wp-json\/wp\/v2\/product"}],"about":[{"href":"https:\/\/biostema.com\/fr\/wp-json\/wp\/v2\/types\/product"}],"replies":[{"embeddable":true,"href":"https:\/\/biostema.com\/fr\/wp-json\/wp\/v2\/comments?post=15735"}],"wp:featuredmedia":[{"embeddable":true,"href":"https:\/\/biostema.com\/fr\/wp-json\/wp\/v2\/media\/16264"}],"wp:attachment":[{"href":"https:\/\/biostema.com\/fr\/wp-json\/wp\/v2\/media?parent=15735"}],"wp:term":[{"taxonomy":"product_cat","embeddable":true,"href":"https:\/\/biostema.com\/fr\/wp-json\/wp\/v2\/product_cat?post=15735"},{"taxonomy":"product_tag","embeddable":true,"href":"https:\/\/biostema.com\/fr\/wp-json\/wp\/v2\/product_tag?post=15735"},{"taxonomy":"yst_prominent_words","embeddable":true,"href":"https:\/\/biostema.com\/fr\/wp-json\/wp\/v2\/yst_prominent_words?post=15735"}],"curies":[{"name":"wp","href":"https:\/\/api.w.org\/{rel}","templated":true}]}}