{"id":15729,"date":"2020-03-18T14:48:44","date_gmt":"2020-11-28T13:11:36","guid":{"rendered":"https:\/\/biostema.com\/prodotto\/serum-anti-age-actif-de-levage\/"},"modified":"2023-07-02T13:12:49","modified_gmt":"2023-07-02T11:12:49","slug":"serum-actif-lifting-anti-vieillissement","status":"publish","type":"product","link":"https:\/\/biostema.com\/fr\/prodotto\/serum-actif-lifting-anti-vieillissement\/","title":{"rendered":"S\u00e9rum anti-\u00e2ge actif de levage"},"content":{"rendered":"<p><strong>Biostema s\u00e9rum actif soulevant le concentr\u00e9 naturel anti-vieillissement<\/strong> <strong>tr\u00e8s efficace d\u00e8s les premi\u00e8res applications avec une action hydratante profonde, tonifiante, r\u00e9g\u00e9n\u00e9rante, protectrice et \u00e9clairante.<\/strong> Concentr\u00e9 naturel s\u00e9rum de levage anti-\u00e2ge r\u00e9duit rapidement les rides et ridules en les repulpant jusqu\u2019\u00e0 rendre la peau plus tonique et rougeoyante.<\/p>\n<p>Biostema s\u00e9rum lifting anti-vieillissement est un concentr\u00e9 d\u2019ingr\u00e9dients actifs de la plus haute qualit\u00e9 (<strong>Acide hyaluronique 100% pur, gel d\u2019aloe vera, vitamine C, vitamine E, idorlate orange, collag\u00e8ne marin, mosqueta rose, extrait d\u2019altea, extrait v\u00e9g\u00e9tal mauve)<\/strong> qui agissent ensemble obtenant ainsi les soins de beaut\u00e9 parfaitement \u00e9quilibr\u00e9s pour votre peau.<\/p>\n<p>Le s\u00e9rum de levage anti-\u00e2ge \u00e0 haute dose favorise un aspect parfaitement soign\u00e9, rajeuni et sans rides de la peau. La combinaison d\u2019ingr\u00e9dients actifs de haute qualit\u00e9 permet d\u2019obtenir une efficacit\u00e9 scientifiquement prouv\u00e9e que les plumpes, r\u00e9duit les rides, r\u00e9\u00e9quilibre les carences en hydratation et restaure l\u2019\u00e9lasticit\u00e9 de la jeunesse. Un soin de beaut\u00e9 exceptionnel <strong>pour le visage, le contour des yeux, le cou et le d\u00e9collet\u00e9.<\/strong><\/p>\n<p>S\u00e9rum est tr\u00e8s efficace \u00e0 la fois dans la jeune peau emp\u00eachant le vieillissement et dans la peau mature pour son action repulpante et de remplissage.<\/p>\n<p>Dermatologiquement et microbiologiquement test\u00e9 anti-vieillissement biostema s\u00e9rum s\u00e9rique est produit <strong>en Italie dans le respect des normes<\/strong> de qualit\u00e9 les plus \u00e9lev\u00e9es et formul\u00e9 avec des ingr\u00e9dients admis \u00e0 la r\u00e9glementation biologique.<\/p>\n<p><strong>Caract\u00e9ristiques et avantages :<\/strong><\/p>\n<ul>\n<li><strong>Effets anti-\u00e2ge visibles d\u00e8s les premi\u00e8res applications gr\u00e2ce \u00e0 la forte concentration d\u2019ingr\u00e9dients actifs;<\/strong><\/li>\n<li><strong>Formule extr\u00eamement nutritive avec des ingr\u00e9dients v\u00e9g\u00e9taux d\u2019excellente qualit\u00e9;<\/strong><\/li>\n<li><strong>Pour une peau parfaitement soign\u00e9e, visiblement plus \u00e9lastique, tonique et lumineuse;<\/strong><\/li>\n<li><strong>Cosm\u00e9tiques naturels, v\u00e9g\u00e9taliens, biologiques, sans cruaut\u00e9 et fabriqu\u00e9s en Italie;<\/strong><\/li>\n<li><strong>Il ne contient pas de substances nocives, sans parab\u00e8nes, sans microplastiques, sans hormones, sans t\u00e9c\u00e9dents, sans chevilles, sans edta, sans silicones;<\/strong><\/li>\n<li><strong>\u00c9tire imm\u00e9diatement les rides superficielles favorisant un aspect plus lisse et plus jeune du teint d\u00e9j\u00e0 apr\u00e8s une courte p\u00e9riode d\u2019application;<\/strong><\/li>\n<li><strong>Am\u00e9lioration globale de la structure de la peau en liant les mol\u00e9cules d\u2019eau et en r\u00e9\u00e9quilibrant l\u2019hydratation naturelle pour une apparence plus saine et plus uniforme;<\/strong><\/li>\n<li><strong>Effet anti-\u00e2ge \u00e0 long terme gr\u00e2ce \u00e0 la stimulation de la production cellulaire;<\/strong><\/li>\n<li><strong>Alimentation v\u00e9g\u00e9tale puissante riche en:<\/strong>\n<ul>\n<li><strong> L\u2019acide hyaluronique 100% pur <\/strong>repulpe et neutralise la perte de volume de notre peau ;<\/li>\n<li><strong>gel d\u2019aloe vera <\/strong>a des propri\u00e9t\u00e9s antibact\u00e9riennes, antiseptiques, anti-inflammatoires et apaisantes cr\u00e9ant une d\u00e9fense naturelle pour la peau et aide le corps \u00e0 r\u00e9agir rapidement au stress de la<strong>peau et les irritations,<\/strong> simplifiant les processus de r\u00e9paration des signes sur la<b>peau;<\/b><\/li>\n<li><strong>la vitamine C pure est <\/strong>l\u2019antioxydant le plus efficace contre les effets d\u00e9g\u00e9n\u00e9rants des radicaux libres, revitalise et am\u00e9liore l\u2019\u00e9lasticit\u00e9 de la peau en stimulant la formation de collag\u00e8ne, la prot\u00e8ge des rayons ultraviolets et contrecarre les effets des substances toxiques en emp\u00eachant les taches dues \u00e0 l\u2019\u00e2ge avanc\u00e9 et \u00e9claircit ceux existants ;<\/li>\n<li><strong>la vitamine E pure <\/strong>a une plus grande capacit\u00e9 antioxydante et maintient la peau douce, lisse et hydrat\u00e9e ;<\/li>\n<li><strong>tons brunis \u00e0 l\u2019orange, <\/strong>apaise, rafra\u00eechit et r\u00e9g\u00e9n\u00e8re la peau;<\/li>\n<li><strong>le collag\u00e8ne marin <\/strong>r\u00e9pare des tissus de peau et soutient la renaissance des structures cellulaires plus faibles ;<\/li>\n<li><strong>rosa mosqueta <\/strong>est un antioxydant qui agit sur la r\u00e9g\u00e9n\u00e9ration cellulaire pour lutter contre les effets du vieillissement sur la peau;<\/li>\n<li><strong>l\u2019extrait d\u2019altea <\/strong>a une action anti-inflammatoire puissante et son application ralentit le vieillissement cellulaire au niveau de l\u2019\u00e9piderme ;<\/li>\n<li><strong>extrait v\u00e9g\u00e9tal de mauve <\/strong>a une action h\u00e9molytique, anti-inflammatoire, antioxydante et curative visant \u00e0 la r\u00e9g\u00e9n\u00e9ration cellulaire des tissus cutan\u00e9s;<\/li>\n<\/ul>\n<\/li>\n<li><strong>Parfum biologique certifi\u00e9 ICEA;<\/strong><\/li>\n<\/ul>\n<p>&nbsp;<\/p>\n<p>LA QUALIT\u00c9 D\u2019UN PRODUIT COSM\u00c9TIQUE D\u00c9PEND UNIQUEMENT DE SES INGR\u00c9DIENTS ET BIOSTEME EST SYNONYME DE COSM\u00c9TIQUES DE LA PLUS HAUTE QUALIT\u00c9, DURABLES ET EFFICACES PRODUITS EN ITALIE<strong> ET CERTIFI\u00c9S PAR WWW.COSMETICANALYSIS.COM PAR L\u2019INTERM\u00c9DIAIRE DE L\u2019INSTITUT POUR L\u2019AVANCEMENT DE LA SANT\u00c9 DE LA PEAU.<\/strong><\/p>\n<p>&nbsp;<\/p>\n<p><strong>INGR\u00c9DIENTS:<\/strong> AQUA, CITRUS AURANTIUM AMARA FLOWER WATER*, SODIUM HYALURONATE, COLLAG\u00c8NE HYDROLYS\u00c9, TOCOPH\u00c9ROL, GLYC\u00c9RINE, ACIDE ASCORBIQUE, EXTRAIT D\u2019ALOE BARBADENSIS, EXTRAIT DE RACINE D\u2019ALTHEA OFFICINALIS*, EXTRAIT DE FEUILLES DE MALVA SYLVESTRIS*, HUILE DE GRAINES DE MOSCHATA ROSE, GOMME DE XANTHANE, SORBATE DE POTASSIUM, BENZOATE DE SODIUM, PARFUM**.<br \/>\n<em>* DE L\u2019AGRICULTURE BIOLOGIQUE<\/em><br \/>\n<em>**PARFUM BIOLOGIQUE CERTIFI\u00c9 ICEA<\/em><\/p>\n<p><strong>COMMENT UTILISER<\/strong>:<\/p>\n<ol>\n<li>Lavez-vous le visage ou la partie o\u00f9 vous voulez l\u2019appliquer avec de l\u2019eau chaude et s\u00e9cher en tamponnant.<\/li>\n<li>Appliquer une petite quantit\u00e9 de s\u00e9rum sur le visage, le contour des yeux, le cou et le decolt\u00e8.<\/li>\n<li>Massage avec mouvements rotatifs du centre vers l\u2019ext\u00e9rieur sur le visage et du bas vers le haut sur le cou.<\/li>\n<li>Terminer en mettant une l\u00e9g\u00e8re pression sur le visage et le cou avec les deux mains jusqu\u2019\u00e0 ce qu\u2019elles soient compl\u00e8tement absorb\u00e9es.<\/li>\n<\/ol>\n<p>&nbsp;<\/p>\n<p><strong>AVERTISSEMENTS<\/strong>:<\/p>\n<p>Utilisation externe. Ne pas utiliser en cas d\u2019intol\u00e9rance aux ingr\u00e9dients d\u00e9crits. \u00c9loignez-vous de la port\u00e9e des enfants. Rangez la bouteille ferm\u00e9e correctement loin des sources de lumi\u00e8re ou de chaleur. La premi\u00e8re fois que vous l\u2019utilisez est recommand\u00e9 de faire un test sur une petite zone de la peau d\u2019une dur\u00e9e de 24 heures, pour v\u00e9rifier les r\u00e9actions allergiques.<\/p>\n","protected":false},"excerpt":{"rendered":"<p>S\u00e9rum tr\u00e8s riche, concentr\u00e9 et naturel tr\u00e8s efficace d\u00e8s les premi\u00e8res applications avec une action hydratante, vivifiante, r\u00e9g\u00e9n\u00e9rante, protectrice et \u00e9clairante en profondeur indiqu\u00e9e pour le soin et la pr\u00e9vention du vieillissement.<\/p>\n","protected":false},"featured_media":16000,"comment_status":"open","ping_status":"closed","template":"","meta":{"_uag_custom_page_level_css":"","site-sidebar-layout":"no-sidebar","site-content-layout":"boxed-container","ast-site-content-layout":"","site-content-style":"default","site-sidebar-style":"default","ast-global-header-display":"","ast-banner-title-visibility":"","ast-main-header-display":"","ast-hfb-above-header-display":"","ast-hfb-below-header-display":"","ast-hfb-mobile-header-display":"","site-post-title":"","ast-breadcrumbs-content":"","ast-featured-img":"","footer-sml-layout":"","theme-transparent-header-meta":"default","adv-header-id-meta":"","stick-header-meta":"default","header-above-stick-meta":"","header-main-stick-meta":"","header-below-stick-meta":"","astra-migrate-meta-layouts":"default","ast-page-background-enabled":"default","ast-page-background-meta":{"desktop":{"background-color":"","background-image":"","background-repeat":"repeat","background-position":"center center","background-size":"auto","background-attachment":"scroll","background-type":"","background-media":"","overlay-type":"","overlay-color":"","overlay-opacity":"","overlay-gradient":""},"tablet":{"background-color":"","background-image":"","background-repeat":"repeat","background-position":"center center","background-size":"auto","background-attachment":"scroll","background-type":"","background-media":"","overlay-type":"","overlay-color":"","overlay-opacity":"","overlay-gradient":""},"mobile":{"background-color":"","background-image":"","background-repeat":"repeat","background-position":"center center","background-size":"auto","background-attachment":"scroll","background-type":"","background-media":"","overlay-type":"","overlay-color":"","overlay-opacity":"","overlay-gradient":""}},"ast-content-background-meta":{"desktop":{"background-color":"var(--ast-global-color-5)","background-image":"","background-repeat":"repeat","background-position":"center center","background-size":"auto","background-attachment":"scroll","background-type":"","background-media":"","overlay-type":"","overlay-color":"","overlay-opacity":"","overlay-gradient":""},"tablet":{"background-color":"var(--ast-global-color-5)","background-image":"","background-repeat":"repeat","background-position":"center center","background-size":"auto","background-attachment":"scroll","background-type":"","background-media":"","overlay-type":"","overlay-color":"","overlay-opacity":"","overlay-gradient":""},"mobile":{"background-color":"var(--ast-global-color-5)","background-image":"","background-repeat":"repeat","background-position":"center center","background-size":"auto","background-attachment":"scroll","background-type":"","background-media":"","overlay-type":"","overlay-color":"","overlay-opacity":"","overlay-gradient":""}}},"product_cat":[172],"product_tag":[],"yst_prominent_words":[],"class_list":{"0":"post-15729","1":"product","2":"type-product","3":"status-publish","4":"has-post-thumbnail","6":"product_cat-soin-anti-age","7":"desktop-align-left","8":"tablet-align-left","9":"mobile-align-left","11":"first","12":"instock","13":"sale","14":"taxable","15":"shipping-taxable","16":"purchasable","17":"product-type-simple"},"uagb_featured_image_src":{"full":["https:\/\/biostema.com\/wp-content\/uploads\/2020\/03\/siero-aperto-trasparente1000x1000.jpg",1000,1001,false],"thumbnail":["https:\/\/biostema.com\/wp-content\/uploads\/2020\/03\/siero-aperto-trasparente1000x1000-150x150.jpg",150,150,true],"medium":["https:\/\/biostema.com\/wp-content\/uploads\/2020\/03\/siero-aperto-trasparente1000x1000-300x300.jpg",300,300,true],"medium_large":["https:\/\/biostema.com\/wp-content\/uploads\/2020\/03\/siero-aperto-trasparente1000x1000-768x769.jpg",768,769,true],"large":["https:\/\/biostema.com\/wp-content\/uploads\/2020\/03\/siero-aperto-trasparente1000x1000.jpg",1000,1001,false],"1536x1536":["https:\/\/biostema.com\/wp-content\/uploads\/2020\/03\/siero-aperto-trasparente1000x1000.jpg",1000,1001,false],"2048x2048":["https:\/\/biostema.com\/wp-content\/uploads\/2020\/03\/siero-aperto-trasparente1000x1000.jpg",1000,1001,false],"woocommerce_thumbnail":["https:\/\/biostema.com\/wp-content\/uploads\/2020\/03\/siero-aperto-trasparente1000x1000-300x300.jpg",300,300,true],"woocommerce_single":["https:\/\/biostema.com\/wp-content\/uploads\/2020\/03\/siero-aperto-trasparente1000x1000-600x601.jpg",600,601,true],"woocommerce_gallery_thumbnail":["https:\/\/biostema.com\/wp-content\/uploads\/2020\/03\/siero-aperto-trasparente1000x1000-100x100.jpg",100,100,true]},"uagb_author_info":{"display_name":"antonino","author_link":"https:\/\/biostema.com\/fr\/author\/"},"uagb_comment_info":2,"uagb_excerpt":"S\u00e9rum tr\u00e8s riche, concentr\u00e9 et naturel tr\u00e8s efficace d\u00e8s les premi\u00e8res applications avec une action hydratante, vivifiante, r\u00e9g\u00e9n\u00e9rante, protectrice et \u00e9clairante en profondeur indiqu\u00e9e pour le soin et la pr\u00e9vention du vieillissement.","_links":{"self":[{"href":"https:\/\/biostema.com\/fr\/wp-json\/wp\/v2\/product\/15729"}],"collection":[{"href":"https:\/\/biostema.com\/fr\/wp-json\/wp\/v2\/product"}],"about":[{"href":"https:\/\/biostema.com\/fr\/wp-json\/wp\/v2\/types\/product"}],"replies":[{"embeddable":true,"href":"https:\/\/biostema.com\/fr\/wp-json\/wp\/v2\/comments?post=15729"}],"wp:featuredmedia":[{"embeddable":true,"href":"https:\/\/biostema.com\/fr\/wp-json\/wp\/v2\/media\/16000"}],"wp:attachment":[{"href":"https:\/\/biostema.com\/fr\/wp-json\/wp\/v2\/media?parent=15729"}],"wp:term":[{"taxonomy":"product_cat","embeddable":true,"href":"https:\/\/biostema.com\/fr\/wp-json\/wp\/v2\/product_cat?post=15729"},{"taxonomy":"product_tag","embeddable":true,"href":"https:\/\/biostema.com\/fr\/wp-json\/wp\/v2\/product_tag?post=15729"},{"taxonomy":"yst_prominent_words","embeddable":true,"href":"https:\/\/biostema.com\/fr\/wp-json\/wp\/v2\/yst_prominent_words?post=15729"}],"curies":[{"name":"wp","href":"https:\/\/api.w.org\/{rel}","templated":true}]}}