{"id":15596,"date":"2020-11-26T21:45:53","date_gmt":"2020-11-26T20:45:53","guid":{"rendered":"https:\/\/biostema.com\/politique-relative-aux-cookies\/"},"modified":"2020-11-26T21:45:55","modified_gmt":"2020-11-26T20:45:55","slug":"politique-relative-aux-cookies","status":"publish","type":"page","link":"https:\/\/biostema.com\/fr\/politique-relative-aux-cookies\/","title":{"rendered":"Politique relative aux cookies"},"content":{"rendered":"<h2 class=\"wp-block-heading\">Informations sur cette politique de cookies<\/h2><p>Cette politique de cookies explique ce que sont les cookies et comment nous les utilisons. Vous devriez lire cette politique pour comprendre ce que sont les cookies, comment nous les utilisons, les types de cookies que nous utilisons, les informations que nous collectons \u00e0 l&#8217;aide de cookies et comment ces informations sont utilis\u00e9es et comment contr\u00f4ler les pr\u00e9f\u00e9rences de cookies. Pour plus d&#8217;informations sur la mani\u00e8re dont nous utilisons, stockons et conservons vos donn\u00e9es personnelles en toute s\u00e9curit\u00e9, veuillez consulter notre politique de confidentialit\u00e9.<\/p><p>Vous pouvez modifier ou retirer votre consentement \u00e0 la d\u00e9claration relative aux cookies sur notre site Web \u00e0 tout moment.<\/p><p>Apprenez-en plus sur qui nous sommes, comment vous pouvez nous contacter et comment nous traitons les donn\u00e9es personnelles dans notre politique de confidentialit\u00e9.<\/p><p>Votre consentement s&#8217;applique aux domaines suivants: <a href=\"https:\/\/www.biostema.com\/\">www.biostema.com<\/a><\/p><h2 class=\"wp-block-heading\">Que sont les cookies?<\/h2><p>Les cookies sont de petits fichiers texte utilis\u00e9s pour stocker de petites informations. Les cookies sont stock\u00e9s sur votre appareil lorsque le site Web est charg\u00e9 sur votre navigateur. Ces cookies nous aident \u00e0 faire fonctionner correctement le site Web, \u00e0 rendre le site plus s\u00e9curis\u00e9, \u00e0 offrir une meilleure exp\u00e9rience utilisateur, \u00e0 comprendre comment le site Web fonctionne et \u00e0 analyser ce qui fonctionne et o\u00f9 il doit \u00eatre am\u00e9lior\u00e9.<\/p><h2 class=\"wp-block-heading\">Comment utilisons-nous les cookies?<\/h2><p>Comme la plupart des services en ligne, notre site Web utilise des cookies propri\u00e9taires et tiers \u00e0 des fins diverses. Les cookies propri\u00e9taires sont principalement n\u00e9cessaires au bon fonctionnement du site Web et ne collectent aucune donn\u00e9e personnellement identifiable.<\/p><p>Les cookies tiers utilis\u00e9s sur nos sites Web sont principalement utilis\u00e9s pour comprendre le comportement du site Web, comment interagir avec notre site Web, assurer la s\u00e9curit\u00e9 de nos services, fournir des publicit\u00e9s pertinentes pour vous et fournir g\u00e9n\u00e9ralement le l&#8217;exp\u00e9rience utilisateur et aider \u00e0 acc\u00e9l\u00e9rer les interactions futures avec notre site Web.<\/p><h2 class=\"wp-block-heading\">Quels types de cookies utilisons-nous?<\/h2><p><strong>Essentiel<\/strong>: Certains cookies sont essentiels pour pouvoir profiter de toutes les fonctionnalit\u00e9s de notre site. Ils nous permettent de maintenir les sessions utilisateurs et de pr\u00e9venir toute menace de s\u00e9curit\u00e9. Ils ne collectent ni ne stockent aucune information personnelle. Par exemple, ces cookies vous permettent de vous connecter \u00e0 votre compte et d&#8217;ajouter des produits \u00e0 votre panier et de commander en toute s\u00e9curit\u00e9.<\/p><p><strong>Statistiques:<\/strong> Ces cookies stockent des informations telles que le nombre de visiteurs sur le site Web, le nombre de visiteurs uniques, les pages du site Web qui ont \u00e9t\u00e9 visit\u00e9es, la source de la visite, etc. Ces donn\u00e9es nous aident \u00e0 comprendre et \u00e0 analyser les performances du site Web et les points \u00e0 am\u00e9liorer.<\/p><p><strong>Marketing<\/strong>: Notre site Web affiche des publicit\u00e9s. Ces cookies sont utilis\u00e9s pour personnaliser les publicit\u00e9s que nous vous montrons afin qu&#8217;elles soient significatives pour vous. Ces cookies nous aident \u00e9galement \u00e0 suivre l&#8217;efficacit\u00e9 de ces campagnes publicitaires.<\/p><p>Les informations stock\u00e9es dans ces cookies peuvent \u00e9galement \u00eatre utilis\u00e9es par des fournisseurs de publicit\u00e9 tiers pour vous montrer des publicit\u00e9s sur d&#8217;autres sites Web dans votre navigateur.<\/p><p><strong>Fonctionnel<\/strong>: ce sont les cookies qui aident certaines fonctionnalit\u00e9s non essentielles de notre site Web. Ces fonctionnalit\u00e9s incluent l&#8217;int\u00e9gration de contenu tel que des vid\u00e9os ou le partage de contenu sur le site Web sur des plateformes de m\u00e9dias sociaux.<\/p><p><strong>Pr\u00e9f\u00e9rences:<\/strong> ces cookies nous aident \u00e0 m\u00e9moriser vos param\u00e8tres et vos pr\u00e9f\u00e9rences de navigation telles que les pr\u00e9f\u00e9rences linguistiques afin d&#8217;avoir une exp\u00e9rience meilleure et plus efficace lors de futures visites sur le site.<\/p><h2 class=\"wp-block-heading\">Comment puis-je contr\u00f4ler les pr\u00e9f\u00e9rences des cookies?<\/h2><p>Si vous d\u00e9cidez de modifier vos pr\u00e9f\u00e9rences ult\u00e9rieurement au cours de la session de navigation, vous pouvez cliquer sur l&#8217;onglet &#8220;Confidentialit\u00e9 et cookies&#8221; \u00e0 l&#8217;\u00e9cran. Cela affichera \u00e0 nouveau l&#8217;avis de consentement qui vous permet de modifier vos pr\u00e9f\u00e9rences ou de retirer compl\u00e8tement votre consentement.<\/p><p>En plus de cela, diff\u00e9rents navigateurs proposent diff\u00e9rentes m\u00e9thodes pour bloquer et supprimer les cookies utilis\u00e9s par les sites Web. Vous pouvez modifier les param\u00e8tres de votre navigateur pour bloquer \/ supprimer les cookies. Pour en savoir plus sur la gestion et la suppression des cookies, visitez <a href=\"https:\/\/en.wikipedia.org\/wiki\/HTTP_cookie\" target=\"_blank\" rel=\"noreferrer noopener\">wikipedia.org<\/a>, <a href=\"http:\/\/www.allaboutcookies.org\/\" target=\"_blank\" rel=\"noreferrer noopener\">www.allaboutcookies.org.<\/a><\/p>","protected":false},"excerpt":{"rendered":"<p>Informations sur cette politique de cookies Cette politique de cookies explique ce que sont les cookies et comment nous les utilisons. Vous devriez lire cette politique pour comprendre ce que sont les cookies, comment nous les utilisons, les types de cookies que nous utilisons, les informations que nous collectons \u00e0 l&#8217;aide de cookies et comment [&hellip;]<\/p>\n","protected":false},"author":1,"featured_media":0,"parent":0,"menu_order":0,"comment_status":"closed","ping_status":"closed","template":"","meta":{"_uag_custom_page_level_css":"","site-sidebar-layout":"default","site-content-layout":"default","ast-site-content-layout":"","site-content-style":"default","site-sidebar-style":"default","ast-global-header-display":"","ast-banner-title-visibility":"","ast-main-header-display":"","ast-hfb-above-header-display":"","ast-hfb-below-header-display":"","ast-hfb-mobile-header-display":"","site-post-title":"","ast-breadcrumbs-content":"","ast-featured-img":"","footer-sml-layout":"","theme-transparent-header-meta":"default","adv-header-id-meta":"","stick-header-meta":"default","header-above-stick-meta":"","header-main-stick-meta":"","header-below-stick-meta":"","astra-migrate-meta-layouts":"default","ast-page-background-enabled":"default","ast-page-background-meta":{"desktop":{"background-color":"","background-image":"","background-repeat":"repeat","background-position":"center center","background-size":"auto","background-attachment":"scroll","background-type":"","background-media":"","overlay-type":"","overlay-color":"","overlay-opacity":"","overlay-gradient":""},"tablet":{"background-color":"","background-image":"","background-repeat":"repeat","background-position":"center center","background-size":"auto","background-attachment":"scroll","background-type":"","background-media":"","overlay-type":"","overlay-color":"","overlay-opacity":"","overlay-gradient":""},"mobile":{"background-color":"","background-image":"","background-repeat":"repeat","background-position":"center center","background-size":"auto","background-attachment":"scroll","background-type":"","background-media":"","overlay-type":"","overlay-color":"","overlay-opacity":"","overlay-gradient":""}},"ast-content-background-meta":{"desktop":{"background-color":"var(--ast-global-color-5)","background-image":"","background-repeat":"repeat","background-position":"center center","background-size":"auto","background-attachment":"scroll","background-type":"","background-media":"","overlay-type":"","overlay-color":"","overlay-opacity":"","overlay-gradient":""},"tablet":{"background-color":"var(--ast-global-color-5)","background-image":"","background-repeat":"repeat","background-position":"center center","background-size":"auto","background-attachment":"scroll","background-type":"","background-media":"","overlay-type":"","overlay-color":"","overlay-opacity":"","overlay-gradient":""},"mobile":{"background-color":"var(--ast-global-color-5)","background-image":"","background-repeat":"repeat","background-position":"center center","background-size":"auto","background-attachment":"scroll","background-type":"","background-media":"","overlay-type":"","overlay-color":"","overlay-opacity":"","overlay-gradient":""}},"footnotes":""},"yst_prominent_words":[],"class_list":["post-15596","page","type-page","status-publish","hentry"],"uagb_featured_image_src":{"full":false,"thumbnail":false,"medium":false,"medium_large":false,"large":false,"1536x1536":false,"2048x2048":false,"woocommerce_thumbnail":false,"woocommerce_single":false,"woocommerce_gallery_thumbnail":false},"uagb_author_info":{"display_name":"antonino","author_link":"https:\/\/biostema.com\/fr\/author\/team-biostema\/"},"uagb_comment_info":0,"uagb_excerpt":"Informations sur cette politique de cookies Cette politique de cookies explique ce que sont les cookies et comment nous les utilisons. Vous devriez lire cette politique pour comprendre ce que sont les cookies, comment nous les utilisons, les types de cookies que nous utilisons, les informations que nous collectons \u00e0 l&#8217;aide de cookies et comment\u2026","_links":{"self":[{"href":"https:\/\/biostema.com\/fr\/wp-json\/wp\/v2\/pages\/15596"}],"collection":[{"href":"https:\/\/biostema.com\/fr\/wp-json\/wp\/v2\/pages"}],"about":[{"href":"https:\/\/biostema.com\/fr\/wp-json\/wp\/v2\/types\/page"}],"author":[{"embeddable":true,"href":"https:\/\/biostema.com\/fr\/wp-json\/wp\/v2\/users\/1"}],"replies":[{"embeddable":true,"href":"https:\/\/biostema.com\/fr\/wp-json\/wp\/v2\/comments?post=15596"}],"version-history":[{"count":7,"href":"https:\/\/biostema.com\/fr\/wp-json\/wp\/v2\/pages\/15596\/revisions"}],"predecessor-version":[{"id":15603,"href":"https:\/\/biostema.com\/fr\/wp-json\/wp\/v2\/pages\/15596\/revisions\/15603"}],"wp:attachment":[{"href":"https:\/\/biostema.com\/fr\/wp-json\/wp\/v2\/media?parent=15596"}],"wp:term":[{"taxonomy":"yst_prominent_words","embeddable":true,"href":"https:\/\/biostema.com\/fr\/wp-json\/wp\/v2\/yst_prominent_words?post=15596"}],"curies":[{"name":"wp","href":"https:\/\/api.w.org\/{rel}","templated":true}]}}