{"id":15737,"date":"2020-03-18T14:46:21","date_gmt":"2020-11-28T13:20:28","guid":{"rendered":"https:\/\/biostema.com\/prodotto\/crema-antienvejecimiento-de-elevacion-activa\/"},"modified":"2023-07-02T13:12:50","modified_gmt":"2023-07-02T11:12:50","slug":"crema-activo-lifting-anti-envejecimiento-anti-envejecimiento","status":"publish","type":"product","link":"https:\/\/biostema.com\/es\/prodotto\/crema-activo-lifting-anti-envejecimiento-anti-envejecimiento\/","title":{"rendered":"Crema Antienvejecimiento De elevaci\u00f3n activa"},"content":{"rendered":"<p><strong>Biotema crema activa anti-envejecimiento natural concentrado facelift altamente eficaz con una acci\u00f3n hidratante profunda, tonificaci\u00f3n, regeneradora, protectora e iluminadora.<\/strong> La crema elevadora natural concentrada antienvejecimiento reduce r\u00e1pidamente las arrugas y las<strong> l\u00edneas finas<\/strong> al desplomarlas desde el interior.<\/p>\n<p>Crema antienvejecimiento biostema <strong> es un concentrado de ingredientes activos de la m\u00e1s alta calidad (\u00e1cido hialur\u00f3nico puro, aloe vera, vitamina c, vitamina y, retinol, col\u00e1geno marino, aceite de arg\u00e1n, baba de caracol, aceite de jojoba, aceite de higo, manteca de karit\u00e9)<\/strong> que act\u00faan juntos obteniendo as\u00ed el cuidado de la belleza perfectamente equilibrado para su piel.<\/p>\n<p>La crema de estiramiento facial antienvejecimiento antienvejecimiento de alta dosis promueve una apariencia perfectamente arreglada, rejuvenecida y libre de arrugas de la piel. La combinaci\u00f3n de ingredientes activos de calidad permite obtener una acci\u00f3n hidratante <strong>de eficacia cient\u00edficamente probada<\/strong> que desploma, reduce las arrugas, reequilibra las deficiencias de hidrataci\u00f3n y restaura la elasticidad de la juventud. Un cuidado de belleza excepcional <strong>para la cara, el cuello y el escote.<\/strong><\/p>\n<p>La crema es muy eficaz tanto en la piel joven evitando el envejecimiento como en la piel madura por su acci\u00f3n de fontanero y relleno.<\/p>\n<p>El biostema de crema lifting antienvejecimiento probado dermatol\u00f3gica y microbiol\u00f3gicamente se produce en Italia respetando los m\u00e1s altos est\u00e1ndares de calidad y formulado con ingredientes admitidos a las regulaciones org\u00e1nicas.<\/p>\n<p><strong>Caracter\u00edsticas y beneficios:<\/strong><\/p>\n<ul>\n<li><strong>Efectos antienvejecimiento visibles gracias a la alta concentraci\u00f3n de ingredientes activos;<\/strong><\/li>\n<li><strong>F\u00f3rmula extremadamente nutritiva con ingredientes vegetales de excelente calidad;<\/strong><\/li>\n<li><strong>Para una piel perfectamente arreglada, visiblemente m\u00e1s el\u00e1stica y tonada;<\/strong><\/li>\n<li><strong>Natural, org\u00e1nico, libre de crueldad y hecho en Italia cosm\u00e9ticos;<\/strong><\/li>\n<li><strong>No contiene ning\u00fan producto qu\u00edmico da\u00f1ino, parabenos, micropl\u00e1sticos u hormonas;<\/strong><\/li>\n<li><strong>Inmediatamente estira las arrugas superficiales favoreciendo una apariencia m\u00e1s suave y joven de la tez ya despu\u00e9s de un corto per\u00edodo de aplicaci\u00f3n;<\/strong><\/li>\n<li><strong>Mejora general en la estructura de la piel mediante la uni\u00f3n de mol\u00e9culas de agua y el reequilibrio de la hidrataci\u00f3n natural para una apariencia m\u00e1s saludable y uniforme;<\/strong><\/li>\n<li><strong>Efecto antienvejecimiento a largo plazo gracias a la estimulaci\u00f3n de la producci\u00f3n celular;<\/strong><\/li>\n<li><strong>Potente nutrici\u00f3n rica en:<\/strong>\n<ul>\n<li><strong>El \u00e1cido hialur\u00f3nico 100% puro <\/strong>regordete y contrarresta la p\u00e9rdida de volumen de nuestra piel;<\/li>\n<li><strong>El aloe vera <\/strong>tiene propiedades antibacterianas, antis\u00e9pticas, antiinflamatorias y calmantes creando una defensa natural para la piel y ayuda al cuerpo a reaccionar r\u00e1pidamente al estr\u00e9s e irritaciones de la piel, simplificando los<strong>procesos<\/strong> de reparaci\u00f3n de signos en la<b>piel;<\/b><\/li>\n<li><strong>La vitamina C pura es <\/strong>el antioxidante m\u00e1s eficaz contra los efectos degeneradores de los radicales libres, revitaliza y mejora la elasticidad de la piel estimulando la formaci\u00f3n de col\u00e1geno, la protege de los rayos ultravioleta y contrarresta los efectos de las sustancias t\u00f3xicas previniendo las manchas debidas al avance de la edad y aligera las existentes;<\/li>\n<li><strong>La vitamina E pura tiene <\/strong>una mayor capacidad antioxidante y mantiene la piel suave, tersa e hidratada;<\/li>\n<li><strong>La baba de caracol tiene una <\/strong>acci\u00f3n nutricional, regeneradora, exfoliante, purificante, hidratante y antioxidante sobre la piel;<\/li>\n<li><strong>El col\u00e1geno marino <\/strong>repara los tejidos de la piel y apoya el renacimiento de estructuras celulares m\u00e1s d\u00e9biles;<\/li>\n<li><strong>Aceite de arg\u00e1n<\/strong> rico en antioxidantes, que contrarrestan la formaci\u00f3n de radicales libres responsables del envejecimiento, y sustancias hidratantes, que aumentan la producci\u00f3n de col\u00e1geno y mantienen fibras el\u00e1sticas, ayudando as\u00ed a la piel de la cara a permanecer fresca y joven con el tiempo.<\/li>\n<li><strong>El aceite de jojoba<\/strong> revitaliza, regenera y calma la piel irritada, la fortalece y previene las arrugas;<\/li>\n<li><strong>El retinol<\/strong> estimula la elasticidad de la piel y la producci\u00f3n de col\u00e1geno favoreciendo el brillo natural de la piel y regenerando la melanina para contrarrestar la formaci\u00f3n de manchas oscuras antiest\u00e9ticas.<\/li>\n<li><strong>La rosa mosqueta <\/strong>tiene propiedades antiinflamatorias y vitaminantes;<\/li>\n<li><strong>Ginseng<\/strong> tiene la propiedad de contrarrestar los radicales libres responsables del envejecimiento celular, porque es extremadamente rico en antioxidantes;<\/li>\n<li><strong>La manteca de karit\u00e9 es<\/strong> rica en antioxidantes, combate los radicales libres y mejora la microcirculaci\u00f3n sangu\u00ednea al prevenir la lucha contra las arrugas, el eccema, la dermatitis y ayuda a asustar los signos de la piel, como peque\u00f1as cicatrices y signos de acn\u00e9;<\/li>\n<li><strong>El aceite de higo tiene <\/strong>propiedades regeneradoras, reestructurantes, reafirmantes y ayuda a ralentizar el proceso de envejecimiento de la piel y evitar la formaci\u00f3n de arrugas;<\/li>\n<li><strong>El aceite de Sesama<\/strong> tiene propiedades antiinflamatorias naturales adecuadas para el cuidado y la protecci\u00f3n de la piel;<\/li>\n<li><strong>El aceite de arroz tiene<\/strong> propiedades antioxidantes, contra el envejecimiento celular y los radicales libres;<\/li>\n<\/ul>\n<ul>\n<li><strong>Fragancia org\u00e1nica certificada por ICEA;<\/strong><\/li>\n<\/ul>\n<\/li>\n<\/ul>\n<p>&nbsp;<\/p>\n<p>LA CALIDAD DE UN PRODUCTO COSMETICO DEPENDE SOLAMENTE DE SUS INGREDIENTES Y BIOSTEME ES Sin\u00f3nimo de la m\u00e1s alta calidad, sostenible, eficaz COSM\u00c9TICOS PRODUCIDOS EN <strong>ITALIA <\/strong>Y CERTIFICADOS POR WWW.COSMETICANALYSIS.COM A trav\u00e9s del INSTITUTO PARA EL AVANCE DE LA SALUD DE LA<strong> PIEL.<\/strong><\/p>\n<p>&nbsp;<\/p>\n<p><strong>Ingredientes:<\/strong> AQUA, ACEITE DE GRANO DE ARGANIA SPINOSA*, FILTRADO DE SECRECI\u00d3N DE CARACOL, TOCOFEROL, ACEITE DE SEMILLA DE SIMMONDSIA CHINENSIS, ACEITE DE SEMILLA DE SESAMUM INDICUM, ACEITE DE ORYZA SATIVA*, ESTEARATO DE GLICERIL, ALCOHOL CETEARYL, GLICERINA, ACEITE DE SEMILLA DE OPUNTIA FICUS INDICA, \u00c1CIDO ASC\u00d3RBICO, HIALURONATO DE SODIO, COL\u00c1GENO HIDROLIZADO, EXTRACTO DE ALOE BARBADENSIS, EXTRACTO DE FRUTA CANINA ROSA*, EXTRACTO DE GINSENG PANAX*, MANTEQUILLA DE BUTYROSPERMUM PARKII*, PROTE\u00cdNA DE TRIGO HIDROLIZADA DE PALMITOIL POT\u00c1SICO, PALMITATO DE RETINILO, SORBATO DE POTASIO , \u00c1CIDO DESHIICOCETICO, PARFUM**.<br \/>\n<em>* DE LA AGRICULTURA ORG\u00c1NICA<\/em><br \/>\n<em>**ICEA FRAGANCIA BIOL\u00d3GICA CERTIFICADA<\/em><\/p>\n<p><strong>COMO USAR<\/strong>:<\/p>\n<ol>\n<li>L\u00e1vese la cara o la parte donde desea aplicarla con agua tibia y s\u00e9quela mediante el roce.<\/li>\n<li>Aplicar una peque\u00f1a cantidad de suero en la cara, contorno de ojos, cuello y escote.<\/li>\n<li>Masaje con movimientos giratorios desde el centro hacia afuera en la cara y desde la parte inferior hacia arriba en el cuello.<\/li>\n<li>Terminar ejerciendo una ligera presi\u00f3n sobre la cara, el cuello y el escote con ambas manos hasta que se absorba por completo.<\/li>\n<\/ol>\n<p>&nbsp;<\/p>\n<p><strong>ADVERTENCIAS<\/strong>:<\/p>\n<p>Uso externo. No usar en caso de intolerancia a los ingredientes descritos. Mantener alejado del alcance de los ni\u00f1os. Guarde el frasco cerrado correctamente lejos de fuentes de luz o calor. La primera vez que lo utilice se recomienda hacer una prueba en un \u00e1rea peque\u00f1a de la piel que dura 24 horas, para comprobar si hay reacciones al\u00e9rgicas.<\/p>\n","protected":false},"excerpt":{"rendered":"<p>La crema <span style=\"font-size: 16px;\">elevadora rica, concentrada y natural antienvejecimiento<\/span> es altamente eficaz ya desde las primeras aplicaciones con una acci\u00f3n hidratante profunda, vigorizante, regeneradora, protectora e iluminadora indicada para el tratamiento y prevenci\u00f3n del envejecimiento.<\/p>\n","protected":false},"featured_media":16266,"comment_status":"open","ping_status":"closed","template":"","meta":{"_uag_custom_page_level_css":"","site-sidebar-layout":"no-sidebar","site-content-layout":"boxed-container","ast-site-content-layout":"","site-content-style":"default","site-sidebar-style":"default","ast-global-header-display":"","ast-banner-title-visibility":"","ast-main-header-display":"","ast-hfb-above-header-display":"","ast-hfb-below-header-display":"","ast-hfb-mobile-header-display":"","site-post-title":"","ast-breadcrumbs-content":"","ast-featured-img":"","footer-sml-layout":"","theme-transparent-header-meta":"default","adv-header-id-meta":"","stick-header-meta":"default","header-above-stick-meta":"","header-main-stick-meta":"","header-below-stick-meta":"","astra-migrate-meta-layouts":"default","ast-page-background-enabled":"default","ast-page-background-meta":{"desktop":{"background-color":"","background-image":"","background-repeat":"repeat","background-position":"center center","background-size":"auto","background-attachment":"scroll","background-type":"","background-media":"","overlay-type":"","overlay-color":"","overlay-opacity":"","overlay-gradient":""},"tablet":{"background-color":"","background-image":"","background-repeat":"repeat","background-position":"center center","background-size":"auto","background-attachment":"scroll","background-type":"","background-media":"","overlay-type":"","overlay-color":"","overlay-opacity":"","overlay-gradient":""},"mobile":{"background-color":"","background-image":"","background-repeat":"repeat","background-position":"center center","background-size":"auto","background-attachment":"scroll","background-type":"","background-media":"","overlay-type":"","overlay-color":"","overlay-opacity":"","overlay-gradient":""}},"ast-content-background-meta":{"desktop":{"background-color":"var(--ast-global-color-5)","background-image":"","background-repeat":"repeat","background-position":"center center","background-size":"auto","background-attachment":"scroll","background-type":"","background-media":"","overlay-type":"","overlay-color":"","overlay-opacity":"","overlay-gradient":""},"tablet":{"background-color":"var(--ast-global-color-5)","background-image":"","background-repeat":"repeat","background-position":"center center","background-size":"auto","background-attachment":"scroll","background-type":"","background-media":"","overlay-type":"","overlay-color":"","overlay-opacity":"","overlay-gradient":""},"mobile":{"background-color":"var(--ast-global-color-5)","background-image":"","background-repeat":"repeat","background-position":"center center","background-size":"auto","background-attachment":"scroll","background-type":"","background-media":"","overlay-type":"","overlay-color":"","overlay-opacity":"","overlay-gradient":""}}},"product_cat":[174],"product_tag":[],"yst_prominent_words":[],"class_list":{"0":"post-15737","1":"product","2":"type-product","3":"status-publish","4":"has-post-thumbnail","6":"product_cat-cuidado-anti-envejecimiento","7":"desktop-align-left","8":"tablet-align-left","9":"mobile-align-left","11":"first","12":"instock","13":"sale","14":"taxable","15":"shipping-taxable","16":"purchasable","17":"product-type-simple"},"uagb_featured_image_src":{"full":["https:\/\/biostema.com\/wp-content\/uploads\/2020\/03\/crema-con-scatola800x800.jpg",800,800,false],"thumbnail":["https:\/\/biostema.com\/wp-content\/uploads\/2020\/03\/crema-con-scatola800x800-150x150.jpg",150,150,true],"medium":["https:\/\/biostema.com\/wp-content\/uploads\/2020\/03\/crema-con-scatola800x800-300x300.jpg",300,300,true],"medium_large":["https:\/\/biostema.com\/wp-content\/uploads\/2020\/03\/crema-con-scatola800x800-768x768.jpg",768,768,true],"large":["https:\/\/biostema.com\/wp-content\/uploads\/2020\/03\/crema-con-scatola800x800.jpg",800,800,false],"1536x1536":["https:\/\/biostema.com\/wp-content\/uploads\/2020\/03\/crema-con-scatola800x800.jpg",800,800,false],"2048x2048":["https:\/\/biostema.com\/wp-content\/uploads\/2020\/03\/crema-con-scatola800x800.jpg",800,800,false],"woocommerce_thumbnail":["https:\/\/biostema.com\/wp-content\/uploads\/2020\/03\/crema-con-scatola800x800-300x300.jpg",300,300,true],"woocommerce_single":["https:\/\/biostema.com\/wp-content\/uploads\/2020\/03\/crema-con-scatola800x800-600x600.jpg",600,600,true],"woocommerce_gallery_thumbnail":["https:\/\/biostema.com\/wp-content\/uploads\/2020\/03\/crema-con-scatola800x800-100x100.jpg",100,100,true]},"uagb_author_info":{"display_name":"antonino","author_link":"https:\/\/biostema.com\/es\/author\/"},"uagb_comment_info":1,"uagb_excerpt":"La crema elevadora rica, concentrada y natural antienvejecimiento es altamente eficaz ya desde las primeras aplicaciones con una acci\u00f3n hidratante profunda, vigorizante, regeneradora, protectora e iluminadora indicada para el tratamiento y prevenci\u00f3n del envejecimiento.","_links":{"self":[{"href":"https:\/\/biostema.com\/es\/wp-json\/wp\/v2\/product\/15737"}],"collection":[{"href":"https:\/\/biostema.com\/es\/wp-json\/wp\/v2\/product"}],"about":[{"href":"https:\/\/biostema.com\/es\/wp-json\/wp\/v2\/types\/product"}],"replies":[{"embeddable":true,"href":"https:\/\/biostema.com\/es\/wp-json\/wp\/v2\/comments?post=15737"}],"wp:featuredmedia":[{"embeddable":true,"href":"https:\/\/biostema.com\/es\/wp-json\/wp\/v2\/media\/16266"}],"wp:attachment":[{"href":"https:\/\/biostema.com\/es\/wp-json\/wp\/v2\/media?parent=15737"}],"wp:term":[{"taxonomy":"product_cat","embeddable":true,"href":"https:\/\/biostema.com\/es\/wp-json\/wp\/v2\/product_cat?post=15737"},{"taxonomy":"product_tag","embeddable":true,"href":"https:\/\/biostema.com\/es\/wp-json\/wp\/v2\/product_tag?post=15737"},{"taxonomy":"yst_prominent_words","embeddable":true,"href":"https:\/\/biostema.com\/es\/wp-json\/wp\/v2\/yst_prominent_words?post=15737"}],"curies":[{"name":"wp","href":"https:\/\/api.w.org\/{rel}","templated":true}]}}