{"id":15733,"date":"2020-03-18T14:48:44","date_gmt":"2020-11-28T13:13:21","guid":{"rendered":"https:\/\/biostema.com\/prodotto\/suero-antienvejecimiento-de-elevacion-activa\/"},"modified":"2023-07-02T13:12:49","modified_gmt":"2023-07-02T11:12:49","slug":"suero-activo-lifting-anti-envejecimiento","status":"publish","type":"product","link":"https:\/\/biostema.com\/es\/prodotto\/suero-activo-lifting-anti-envejecimiento\/","title":{"rendered":"Suero antienvejecimiento de elevaci\u00f3n activa"},"content":{"rendered":"<p><strong>Biostema exfoliante s\u00e9rico activo antienvejecimiento<\/strong> <strong>concentrado natural altamente eficaz ya desde las primeras aplicaciones con una acci\u00f3n hidratante profunda, tonificaci\u00f3n, regeneradora, protectora e iluminadora.<\/strong> El suero de elevaci\u00f3n natural antienvejecimiento concentrado reduce r\u00e1pidamente las arrugas y las l\u00edneas finas al engordar para que la piel est\u00e9 m\u00e1s tonada y brillante.<\/p>\n<p>Biostema suero lifting anti-envejecimiento es un concentrado de ingredientes activos de la m\u00e1s alta calidad (<strong>100% \u00e1cido hialur\u00f3nico puro, gel de aloe vera, vitamina C, vitamina E, idorlate naranja, col\u00e1geno marino, mosqueta rosa, extracto de altea, extracto de planta malva)<\/strong> que act\u00faan juntos obteniendo as\u00ed el cuidado de la belleza perfectamente equilibrado para su piel.<\/p>\n<p>El suero de elevaci\u00f3n de biostema antienvejecimiento en dosis altas promueve una apariencia perfectamente arreglada, rejuvenecida y libre de arrugas de la piel. La combinaci\u00f3n de ingredientes activos de alta calidad permite obtener una eficacia cient\u00edficamente probada que desploma, reduce las arrugas, reequilibra las deficiencias de hidrataci\u00f3n y restaura la elasticidad juvenil. Un cuidado de belleza excepcional <strong>para la cara, el contorno de ojos, el cuello y el escote.<\/strong><\/p>\n<p>El suero es muy eficaz tanto en la piel joven evitando el envejecimiento como en la piel madura por su acci\u00f3n de engorde y relleno.<\/p>\n<p>El biostema s\u00e9rico antienvejecimiento probado dermatol\u00f3gica y microbiol\u00f3gicamente se produce <strong>en Italia respetando<\/strong> los m\u00e1s altos est\u00e1ndares de calidad y formulado con ingredientes admitidos a las regulaciones org\u00e1nicas.<\/p>\n<p><strong>Caracter\u00edsticas y beneficios:<\/strong><\/p>\n<ul>\n<li><strong>Efectos antienvejecimiento visibles desde las primeras aplicaciones gracias a la alta concentraci\u00f3n de ingredientes activos;<\/strong><\/li>\n<li><strong>F\u00f3rmula extremadamente nutritiva con ingredientes vegetales de excelente calidad;<\/strong><\/li>\n<li><strong>Para una piel perfectamente cuidada, visiblemente m\u00e1s el\u00e1stica, tonada y luminosa;<\/strong><\/li>\n<li><strong>Natural, vegano, org\u00e1nico, libre de crueldad y hecho en Italia cosm\u00e9ticos;<\/strong><\/li>\n<li><strong>No contiene sustancias nocivas, sin parabenos, sin micropl\u00e1sticos, sin hormonas, sin tintes, sin clavijas, sin edta, sin siliconas;<\/strong><\/li>\n<li><strong>Inmediatamente estira las arrugas superficiales favoreciendo una apariencia m\u00e1s suave y joven de la tez ya despu\u00e9s de un corto per\u00edodo de aplicaci\u00f3n;<\/strong><\/li>\n<li><strong>Mejora general en la estructura de la piel mediante la uni\u00f3n de mol\u00e9culas de agua y el reequilibrio de la hidrataci\u00f3n natural para una apariencia m\u00e1s saludable y uniforme;<\/strong><\/li>\n<li><strong>Efecto antienvejecimiento a largo plazo gracias a la estimulaci\u00f3n de la producci\u00f3n celular;<\/strong><\/li>\n<li><strong>Potente nutrici\u00f3n vegetal rica en:<\/strong>\n<ul>\n<li><strong> El \u00e1cido hialur\u00f3nico 100% puro <\/strong>regordete y contrarresta la p\u00e9rdida de volumen de nuestra piel;<\/li>\n<li><strong>El gel de aloe vera <\/strong>tiene propiedades antibacterianas, antis\u00e9pticas, antiinflamatorias y<strong>calmantes<\/strong> creando una defensa natural para la piel y ayuda al cuerpo a reaccionar r\u00e1pidamente al estr\u00e9s e irritaciones de la piel, simplificando los procesos de reparaci\u00f3n de signos en la<b>piel;<\/b><\/li>\n<li><strong>vitamina C pura es <\/strong>el antioxidante m\u00e1s eficaz contra los efectos degeneradores de los radicales libres, revitaliza y mejora la elasticidad de la piel estimulando la formaci\u00f3n de col\u00e1geno, la protege de los rayos ultravioleta y contrarresta los efectos de las sustancias t\u00f3xicas mediante la prevenci\u00f3n de manchas debido al avance de la edad y aligera las existentes;<\/li>\n<li><strong>vitamina E pura tiene <\/strong>una mayor capacidad antioxidante y mantiene la piel suave, suave e hidratada;<\/li>\n<li><strong>tonos anaranjados, <\/strong>calma, refresca y regenera la piel;<\/li>\n<li><strong>col\u00e1geno marino <\/strong>repara los tejidos de la piel y apoya el renacimiento de estructuras celulares m\u00e1s d\u00e9biles;<\/li>\n<li><strong>rosa mosqueta <\/strong>es un antioxidante que act\u00faa sobre la regeneraci\u00f3n celular para combatir los efectos del envejecimiento en la piel;<\/li>\n<li><strong>Extracto de altea tiene <\/strong>una poderosa acci\u00f3n antiinflamatoria y su aplicaci\u00f3n ralentiza el envejecimiento celular a nivel de epidermis;<\/li>\n<li><strong>extracto vegetal de malva <\/strong>tiene una acci\u00f3n hemol\u00edtica, antiinflamatoria, antioxidante y curativa dirigida a la regeneraci\u00f3n celular del tejido de la piel;<\/li>\n<\/ul>\n<\/li>\n<li><strong>Fragancia org\u00e1nica certificada por ICEA;<\/strong><\/li>\n<\/ul>\n<p>&nbsp;<\/p>\n<p>LA CALIDAD DE UN PRODUCTO COSMETICO DEPENDE SOLAMENTE DE SUS INGREDIENTES Y BIOSTEME ES Sin\u00f3nimo de la M\u00c1S ALTA CALIDAD, SOSTENIBLE Y EFICAZ COSMETICS PRODUCIDOS EN ITALIA Y<strong> CERTIFICADOS POR WWW.COSMETICANALYSIS.COM A TRAVES DEL INSTITUTO PARA EL AVANZAMIENTO DE LA SALUD DE LA PIEL.<\/strong><\/p>\n<p>&nbsp;<\/p>\n<p><strong>INGREDIENTES:<\/strong> AQUA, CITRUS AURANTIUM AMARA FLOWER WATER*, HIALURONATO DE SODIO, COL\u00c1GENO HIDROLIZADO, TOCOPHEROL, GLICERINA, \u00c1CIDO ASC\u00d3RBICO, EXTRACTO DE ALOE BARBADENSIS, EXTRACTO DE RA\u00cdZ DE ALTHEA OFFICINALIS*, EXTRACTO DE HOJA DE MALVA SYLVESTRIS*, ACEITE DE SEMILLA DE MOSCHATA ROSE, GOMA XANTHAN, SORBATO DE POTASIO, BENZOATO DE SODIO,*.<br \/>\n<em>* DE LA AGRICULTURA ORG\u00c1NICA<\/em><br \/>\n<em>**ICEA FRAGANCIA BIOL\u00d3GICA CERTIFICADA<\/em><\/p>\n<p><strong>COMO USAR<\/strong>:<\/p>\n<ol>\n<li>L\u00e1vese la cara o la parte donde desea aplicarla con agua tibia y s\u00e9quela mediante el roce.<\/li>\n<li>Aplicar una peque\u00f1a cantidad de suero en la cara, contorno de ojos, cuello y decolto.<\/li>\n<li>Masaje con movimientos giratorios desde el centro hacia afuera en la cara y desde la parte inferior hacia arriba en el cuello.<\/li>\n<li>Termine ejerciendo una ligera presi\u00f3n sobre la cara y el cuello con ambas manos hasta que se absorba por completo.<\/li>\n<\/ol>\n<p>&nbsp;<\/p>\n<p><strong>ADVERTENCIAS<\/strong>:<\/p>\n<p>Uso externo. No usar en caso de intolerancia a los ingredientes descritos. Mantener alejado del alcance de los ni\u00f1os. Guarde el frasco cerrado correctamente lejos de fuentes de luz o calor. La primera vez que lo utilice se recomienda hacer una prueba en un \u00e1rea peque\u00f1a de la piel que dura 24 horas, para comprobar si hay reacciones al\u00e9rgicas.<\/p>\n","protected":false},"excerpt":{"rendered":"<p>Suero muy rico, concentrado y natural muy eficaz ya desde las primeras aplicaciones con una acci\u00f3n hidratante, vigorizante, regeneradora, protectora e iluminadora profunda indicada para el cuidado y prevenci\u00f3n del envejecimiento.<\/p>\n","protected":false},"featured_media":16002,"comment_status":"open","ping_status":"closed","template":"","meta":{"_uag_custom_page_level_css":"","site-sidebar-layout":"no-sidebar","site-content-layout":"boxed-container","ast-site-content-layout":"","site-content-style":"default","site-sidebar-style":"default","ast-global-header-display":"","ast-banner-title-visibility":"","ast-main-header-display":"","ast-hfb-above-header-display":"","ast-hfb-below-header-display":"","ast-hfb-mobile-header-display":"","site-post-title":"","ast-breadcrumbs-content":"","ast-featured-img":"","footer-sml-layout":"","theme-transparent-header-meta":"default","adv-header-id-meta":"","stick-header-meta":"default","header-above-stick-meta":"","header-main-stick-meta":"","header-below-stick-meta":"","astra-migrate-meta-layouts":"default","ast-page-background-enabled":"default","ast-page-background-meta":{"desktop":{"background-color":"","background-image":"","background-repeat":"repeat","background-position":"center center","background-size":"auto","background-attachment":"scroll","background-type":"","background-media":"","overlay-type":"","overlay-color":"","overlay-opacity":"","overlay-gradient":""},"tablet":{"background-color":"","background-image":"","background-repeat":"repeat","background-position":"center center","background-size":"auto","background-attachment":"scroll","background-type":"","background-media":"","overlay-type":"","overlay-color":"","overlay-opacity":"","overlay-gradient":""},"mobile":{"background-color":"","background-image":"","background-repeat":"repeat","background-position":"center center","background-size":"auto","background-attachment":"scroll","background-type":"","background-media":"","overlay-type":"","overlay-color":"","overlay-opacity":"","overlay-gradient":""}},"ast-content-background-meta":{"desktop":{"background-color":"var(--ast-global-color-5)","background-image":"","background-repeat":"repeat","background-position":"center center","background-size":"auto","background-attachment":"scroll","background-type":"","background-media":"","overlay-type":"","overlay-color":"","overlay-opacity":"","overlay-gradient":""},"tablet":{"background-color":"var(--ast-global-color-5)","background-image":"","background-repeat":"repeat","background-position":"center center","background-size":"auto","background-attachment":"scroll","background-type":"","background-media":"","overlay-type":"","overlay-color":"","overlay-opacity":"","overlay-gradient":""},"mobile":{"background-color":"var(--ast-global-color-5)","background-image":"","background-repeat":"repeat","background-position":"center center","background-size":"auto","background-attachment":"scroll","background-type":"","background-media":"","overlay-type":"","overlay-color":"","overlay-opacity":"","overlay-gradient":""}}},"product_cat":[174],"product_tag":[],"yst_prominent_words":[],"class_list":{"0":"post-15733","1":"product","2":"type-product","3":"status-publish","4":"has-post-thumbnail","6":"product_cat-cuidado-anti-envejecimiento","7":"desktop-align-left","8":"tablet-align-left","9":"mobile-align-left","11":"first","12":"instock","13":"sale","14":"taxable","15":"shipping-taxable","16":"purchasable","17":"product-type-simple"},"uagb_featured_image_src":{"full":["https:\/\/biostema.com\/wp-content\/uploads\/2020\/03\/siero-aperto-trasparente1000x1000.jpg",1000,1001,false],"thumbnail":["https:\/\/biostema.com\/wp-content\/uploads\/2020\/03\/siero-aperto-trasparente1000x1000-150x150.jpg",150,150,true],"medium":["https:\/\/biostema.com\/wp-content\/uploads\/2020\/03\/siero-aperto-trasparente1000x1000-300x300.jpg",300,300,true],"medium_large":["https:\/\/biostema.com\/wp-content\/uploads\/2020\/03\/siero-aperto-trasparente1000x1000-768x769.jpg",768,769,true],"large":["https:\/\/biostema.com\/wp-content\/uploads\/2020\/03\/siero-aperto-trasparente1000x1000.jpg",1000,1001,false],"1536x1536":["https:\/\/biostema.com\/wp-content\/uploads\/2020\/03\/siero-aperto-trasparente1000x1000.jpg",1000,1001,false],"2048x2048":["https:\/\/biostema.com\/wp-content\/uploads\/2020\/03\/siero-aperto-trasparente1000x1000.jpg",1000,1001,false],"woocommerce_thumbnail":["https:\/\/biostema.com\/wp-content\/uploads\/2020\/03\/siero-aperto-trasparente1000x1000-300x300.jpg",300,300,true],"woocommerce_single":["https:\/\/biostema.com\/wp-content\/uploads\/2020\/03\/siero-aperto-trasparente1000x1000-600x601.jpg",600,601,true],"woocommerce_gallery_thumbnail":["https:\/\/biostema.com\/wp-content\/uploads\/2020\/03\/siero-aperto-trasparente1000x1000-100x100.jpg",100,100,true]},"uagb_author_info":{"display_name":"antonino","author_link":"https:\/\/biostema.com\/es\/author\/"},"uagb_comment_info":2,"uagb_excerpt":"Suero muy rico, concentrado y natural muy eficaz ya desde las primeras aplicaciones con una acci\u00f3n hidratante, vigorizante, regeneradora, protectora e iluminadora profunda indicada para el cuidado y prevenci\u00f3n del envejecimiento.","_links":{"self":[{"href":"https:\/\/biostema.com\/es\/wp-json\/wp\/v2\/product\/15733"}],"collection":[{"href":"https:\/\/biostema.com\/es\/wp-json\/wp\/v2\/product"}],"about":[{"href":"https:\/\/biostema.com\/es\/wp-json\/wp\/v2\/types\/product"}],"replies":[{"embeddable":true,"href":"https:\/\/biostema.com\/es\/wp-json\/wp\/v2\/comments?post=15733"}],"wp:featuredmedia":[{"embeddable":true,"href":"https:\/\/biostema.com\/es\/wp-json\/wp\/v2\/media\/16002"}],"wp:attachment":[{"href":"https:\/\/biostema.com\/es\/wp-json\/wp\/v2\/media?parent=15733"}],"wp:term":[{"taxonomy":"product_cat","embeddable":true,"href":"https:\/\/biostema.com\/es\/wp-json\/wp\/v2\/product_cat?post=15733"},{"taxonomy":"product_tag","embeddable":true,"href":"https:\/\/biostema.com\/es\/wp-json\/wp\/v2\/product_tag?post=15733"},{"taxonomy":"yst_prominent_words","embeddable":true,"href":"https:\/\/biostema.com\/es\/wp-json\/wp\/v2\/yst_prominent_words?post=15733"}],"curies":[{"name":"wp","href":"https:\/\/api.w.org\/{rel}","templated":true}]}}