{"id":2250,"date":"2019-07-12T08:37:18","date_gmt":"2019-07-12T08:37:18","guid":{"rendered":"https:\/\/www.loleca.com\/politica-de-cookies\/"},"modified":"2020-11-26T21:11:25","modified_gmt":"2020-11-26T20:11:25","slug":"politica-de-cookies","status":"publish","type":"page","link":"https:\/\/biostema.com\/es\/politica-de-cookies\/","title":{"rendered":"Pol\u00edtica de cookies"},"content":{"rendered":"<h2 class=\"wp-block-heading\">Acerca de esta pol\u00edtica de cookies<\/h2><p>Esta pol\u00edtica de cookies explica qu\u00e9 son las cookies y c\u00f3mo las utilizamos. Debe leer esta pol\u00edtica para comprender qu\u00e9 son las cookies, c\u00f3mo las utilizamos, los tipos de cookies que utilizamos, la informaci\u00f3n que recopilamos mediante cookies y c\u00f3mo se utiliza esa informaci\u00f3n y c\u00f3mo controlar las preferencias de cookies. Para obtener m\u00e1s informaci\u00f3n sobre c\u00f3mo usamos, almacenamos y mantenemos sus datos personales seguros, consulte nuestra Pol\u00edtica de privacidad.<\/p><p>Puede cambiar o revocar su consentimiento en cualquier momento de la Declaraci\u00f3n de cookies en nuestro sitio web.<\/p><p>Obtenga m\u00e1s informaci\u00f3n sobre qui\u00e9nes somos, c\u00f3mo puede ponerse en contacto con nosotros y c\u00f3mo tratamos los datos personales en nuestra Declaraci\u00f3n de privacidad.<\/p><p>Su consentimiento se aplica a los siguientes dominios: <a href=\"https:\/\/www.biostema.com\/\">www.biostema.com<\/a><\/p><h2 class=\"wp-block-heading\">\u00bfQu\u00e9 son las cookies?<\/h2><p>Las cookies son peque\u00f1os archivos de texto que se utilizan para almacenar informaci\u00f3n peque\u00f1a. Las cookies se almacenan en su dispositivo cuando el sitio web se carga en su navegador. Estas cookies nos ayudan a hacer que el sitio web funcione correctamente, hacer que el sitio sea m\u00e1s seguro, proporcionar una mejor experiencia de usuario, entender c\u00f3mo funciona el sitio web y analizar qu\u00e9 funciona y d\u00f3nde necesita mejoras.<\/p><h2 class=\"wp-block-heading\">\u00bfC\u00f3mo utilizamos las cookies?<\/h2><p>Al igual que la mayor\u00eda de los servicios en l\u00ednea, nuestro sitio web utiliza cookies propias y de terceros para una variedad de prop\u00f3sitos. Las cookies del propietario son en su mayor\u00eda necesarias para que el sitio web funcione de la manera correcta y no recopilen ning\u00fan dato de identificaci\u00f3n personal.<\/p><p>Las cookies de terceros utilizadas en nuestros sitios web se utilizan principalmente para comprender c\u00f3mo se comporta el sitio web, c\u00f3mo interactuar con nuestro sitio web, mantener nuestros servicios seguros, proporcionar anuncios relevantes para usted y, en general, ofrecerle una mejor experiencia y ayudar a acelerar las interacciones futuras con nuestro sitio web.<\/p><h2 class=\"wp-block-heading\">\u00bfQu\u00e9 tipos de cookies utilizamos?<\/h2><p><strong>Esencial:<\/strong> Algunas cookies son esenciales para poder experimentar la funcionalidad completa de nuestro sitio. Nos permiten mantener sesiones de usuario y prevenir cualquier amenaza de seguridad. No recopilan ni almacenan ninguna informaci\u00f3n personal. Por ejemplo, estas cookies le permiten iniciar sesi\u00f3n en su cuenta y agregar productos a su carrito y comprar productos de forma segura.<\/p><p><strong>Estad\u00edstica:<\/strong> Estas cookies almacenan informaci\u00f3n como el n\u00famero de visitantes al sitio web, el n\u00famero de visitantes \u00fanicos, qu\u00e9 p\u00e1ginas del sitio web fueron visitadas, la fuente de la visita, etc. Estos datos nos ayudan a comprender y analizar el rendimiento del sitio web y d\u00f3nde necesita mejoras.<\/p><p><strong>Marketing<\/strong>: Nuestro sitio web muestra anuncios. Estas cookies se utilizan para personalizar los anuncios que le mostramos para que sean significativos para usted. Estas cookies tambi\u00e9n nos ayudan a realizar un seguimiento de la eficiencia de estas campa\u00f1as publicitarias.<\/p><p>La informaci\u00f3n almacenada en estas cookies tambi\u00e9n puede ser utilizada por proveedores de anuncios de terceros para mostrarle anuncios en otros sitios web en el navegador tambi\u00e9n.<\/p><p><strong>Funcional:<\/strong> Estas son cookies que ayudan a ciertas caracter\u00edsticas no esenciales en nuestro sitio web. Estas caracter\u00edsticas incluyen la inserci\u00f3n de contenido, como v\u00eddeos o compartir contenido en el sitio web en plataformas de redes sociales.<\/p><p><strong>Preferencias:<\/strong> Estas cookies nos ayudan a almacenar su configuraci\u00f3n y preferencias de navegaci\u00f3n como preferencias de idioma para que tengamos una mejor y m\u00e1s eficiente experiencia en futuras visitas al sitio web.<\/p><h2 class=\"wp-block-heading\">\u00bfC\u00f3mo puedo comprobar las preferencias de cookies?<\/h2><p>Si decide cambiar sus preferencias m\u00e1s adelante a trav\u00e9s de la sesi\u00f3n de navegaci\u00f3n, puede hacer clic en la pesta\u00f1a &#8220;Privacidad y cookies&#8221; en la pantalla. Esto mostrar\u00e1 de nuevo el aviso de consentimiento que le permite cambiar sus preferencias o retirar su consentimiento por completo.<\/p><p>Adem\u00e1s de esto, diferentes navegadores ofrecen diferentes m\u00e9todos para bloquear y eliminar las cookies utilizadas por los sitios web. Puede cambiar la configuraci\u00f3n de su navegador para bloquear\/eliminar las cookies. Para obtener m\u00e1s informaci\u00f3n sobre c\u00f3mo administrar y eliminar cookies, visite <a href=\"https:\/\/en.wikipedia.org\/wiki\/HTTP_cookie\" target=\"_blank\" rel=\"noreferrer noopener\">wikipedia.org<\/a>, <a href=\"http:\/\/www.allaboutcookies.org\/\" target=\"_blank\" rel=\"noreferrer noopener\">www.allaboutcookies.org<\/a>.<\/p>","protected":false},"excerpt":{"rendered":"<p>Acerca de esta pol\u00edtica de cookies Esta pol\u00edtica de cookies explica qu\u00e9 son las cookies y c\u00f3mo las utilizamos. Debe leer esta pol\u00edtica para comprender qu\u00e9 son las cookies, c\u00f3mo las utilizamos, los tipos de cookies que utilizamos, la informaci\u00f3n que recopilamos mediante cookies y c\u00f3mo se utiliza esa informaci\u00f3n y c\u00f3mo controlar las preferencias [&hellip;]<\/p>\n","protected":false},"author":1,"featured_media":0,"parent":0,"menu_order":0,"comment_status":"closed","ping_status":"closed","template":"","meta":{"_uag_custom_page_level_css":"","site-sidebar-layout":"default","site-content-layout":"default","ast-site-content-layout":"","site-content-style":"default","site-sidebar-style":"default","ast-global-header-display":"","ast-banner-title-visibility":"","ast-main-header-display":"","ast-hfb-above-header-display":"","ast-hfb-below-header-display":"","ast-hfb-mobile-header-display":"","site-post-title":"","ast-breadcrumbs-content":"","ast-featured-img":"","footer-sml-layout":"","theme-transparent-header-meta":"default","adv-header-id-meta":"","stick-header-meta":"default","header-above-stick-meta":"","header-main-stick-meta":"","header-below-stick-meta":"","astra-migrate-meta-layouts":"default","ast-page-background-enabled":"default","ast-page-background-meta":{"desktop":{"background-color":"","background-image":"","background-repeat":"repeat","background-position":"center center","background-size":"auto","background-attachment":"scroll","background-type":"","background-media":"","overlay-type":"","overlay-color":"","overlay-opacity":"","overlay-gradient":""},"tablet":{"background-color":"","background-image":"","background-repeat":"repeat","background-position":"center center","background-size":"auto","background-attachment":"scroll","background-type":"","background-media":"","overlay-type":"","overlay-color":"","overlay-opacity":"","overlay-gradient":""},"mobile":{"background-color":"","background-image":"","background-repeat":"repeat","background-position":"center center","background-size":"auto","background-attachment":"scroll","background-type":"","background-media":"","overlay-type":"","overlay-color":"","overlay-opacity":"","overlay-gradient":""}},"ast-content-background-meta":{"desktop":{"background-color":"var(--ast-global-color-5)","background-image":"","background-repeat":"repeat","background-position":"center center","background-size":"auto","background-attachment":"scroll","background-type":"","background-media":"","overlay-type":"","overlay-color":"","overlay-opacity":"","overlay-gradient":""},"tablet":{"background-color":"var(--ast-global-color-5)","background-image":"","background-repeat":"repeat","background-position":"center center","background-size":"auto","background-attachment":"scroll","background-type":"","background-media":"","overlay-type":"","overlay-color":"","overlay-opacity":"","overlay-gradient":""},"mobile":{"background-color":"var(--ast-global-color-5)","background-image":"","background-repeat":"repeat","background-position":"center center","background-size":"auto","background-attachment":"scroll","background-type":"","background-media":"","overlay-type":"","overlay-color":"","overlay-opacity":"","overlay-gradient":""}},"footnotes":""},"yst_prominent_words":[],"class_list":["post-2250","page","type-page","status-publish","hentry"],"uagb_featured_image_src":{"full":false,"thumbnail":false,"medium":false,"medium_large":false,"large":false,"1536x1536":false,"2048x2048":false,"woocommerce_thumbnail":false,"woocommerce_single":false,"woocommerce_gallery_thumbnail":false},"uagb_author_info":{"display_name":"antonino","author_link":"https:\/\/biostema.com\/es\/author\/team-biostema\/"},"uagb_comment_info":0,"uagb_excerpt":"Acerca de esta pol\u00edtica de cookies Esta pol\u00edtica de cookies explica qu\u00e9 son las cookies y c\u00f3mo las utilizamos. Debe leer esta pol\u00edtica para comprender qu\u00e9 son las cookies, c\u00f3mo las utilizamos, los tipos de cookies que utilizamos, la informaci\u00f3n que recopilamos mediante cookies y c\u00f3mo se utiliza esa informaci\u00f3n y c\u00f3mo controlar las preferencias&hellip;","_links":{"self":[{"href":"https:\/\/biostema.com\/es\/wp-json\/wp\/v2\/pages\/2250"}],"collection":[{"href":"https:\/\/biostema.com\/es\/wp-json\/wp\/v2\/pages"}],"about":[{"href":"https:\/\/biostema.com\/es\/wp-json\/wp\/v2\/types\/page"}],"author":[{"embeddable":true,"href":"https:\/\/biostema.com\/es\/wp-json\/wp\/v2\/users\/1"}],"replies":[{"embeddable":true,"href":"https:\/\/biostema.com\/es\/wp-json\/wp\/v2\/comments?post=2250"}],"version-history":[{"count":2,"href":"https:\/\/biostema.com\/es\/wp-json\/wp\/v2\/pages\/2250\/revisions"}],"predecessor-version":[{"id":15529,"href":"https:\/\/biostema.com\/es\/wp-json\/wp\/v2\/pages\/2250\/revisions\/15529"}],"wp:attachment":[{"href":"https:\/\/biostema.com\/es\/wp-json\/wp\/v2\/media?parent=2250"}],"wp:term":[{"taxonomy":"yst_prominent_words","embeddable":true,"href":"https:\/\/biostema.com\/es\/wp-json\/wp\/v2\/yst_prominent_words?post=2250"}],"curies":[{"name":"wp","href":"https:\/\/api.w.org\/{rel}","templated":true}]}}