{"id":15736,"date":"2020-03-18T14:46:21","date_gmt":"2020-11-28T13:19:26","guid":{"rendered":"https:\/\/biostema.com\/prodotto\/aktives-heben-anti-aging-creme\/"},"modified":"2024-06-28T16:23:15","modified_gmt":"2024-06-28T14:23:15","slug":"creme-aktiv-lifting-anti-aging-anti-aging","status":"publish","type":"product","link":"https:\/\/biostema.com\/de\/prodotto\/creme-aktiv-lifting-anti-aging-anti-aging\/","title":{"rendered":"Aktives Heben Anti-Aging Creme"},"content":{"rendered":"<p><strong>Biostema aktive Creme Anti-Aging nat\u00fcrliche konzentrierte Facelift hochwirksam mit einer tiefen feuchtigkeitsbefeuchtenden, tonierenden, regenerierenden, sch\u00fctzenden und erhellenden Wirkung.<\/strong> Konzentrierte nat\u00fcrliche Anti-Aging Lifting<strong> Creme reduziert schnell Falten und<\/strong> feine Linien durch plumping sie von innen.<\/p>\n<p>Biostema Anti-Aging Facelift Creme <strong> es ist ein Wirkstoffkonzentrat von h\u00f6chster Qualit\u00e4t (reine Hyalurons\u00e4ure, Aloe Vera, Vitamin c, Vitamin und, Retinol, Meereskollagen, Argan\u00f6l, Schneckenschleim, Jojoba\u00f6l, Feigen\u00f6l, Sheabutter),<\/strong> die zusammen wirken und so die perfekt ausgewogene Sch\u00f6nheitspflege f\u00fcr Ihre Haut erhalten.<\/p>\n<p>Die hochdosierte Anti-Aging Biostema Facelift Creme f\u00f6rdert ein perfekt gepflegtes, verj\u00fcngtes und faltenfreies Aussehen der Haut. Die Kombination von hochwertigen Wirkstoffen erm\u00f6glicht eine feuchtigkeitsspendende Wirkung <strong>von wissenschaftlich nachgewiesener Wirksamkeit,<\/strong> die prallt, Falten reduziert, Hydratationsdefizite wieder ins Gleichgewicht stellt und die Elastizit\u00e4t der Jugend wiederherstellt. Eine au\u00dfergew\u00f6hnliche Sch\u00f6nheitspflege <strong>f\u00fcr Gesicht, Hals und Dekollet\u00e9.<\/strong><\/p>\n<p>Die Creme ist sehr effektiv sowohl bei der jungen Haut vor dem Altern und in der reifen Haut f\u00fcr seine plumping und F\u00fcllwirkung.<\/p>\n<p>Dermatologisch und mikrobiologisch getestete Anti-Aging-Hebecreme Biostema wird in Italien unter Einhaltung h\u00f6chster Qualit\u00e4tsstandards hergestellt und mit Inhaltsstoffen formuliert, die zu Bio-Vorschriften zugelassen sind.<\/p>\n<p><strong>Eigenschaften und Vorteile:<\/strong><\/p>\n<ul>\n<li><strong>Sichtbare Anti-Aging-Effekte dank der hohen Konzentration von Wirkstoffen;<\/strong><\/li>\n<li><strong>Extrem nahrhafte Formel mit ausgezeichneten pflanzlichen Zutaten;<\/strong><\/li>\n<li><strong>F\u00fcr perfekt gepflegte Haut, sichtbar elastischer und straffer;<\/strong><\/li>\n<li><strong>Nat\u00fcrliche, organische, Grausamkeit-frei und hergestellt in Italien Kosmetika;<\/strong><\/li>\n<li><strong>Es enth\u00e4lt keine sch\u00e4dlichen Chemikalien, Parabene, Mikroplastik oder Hormone;<\/strong><\/li>\n<li><strong>Gehnt sofort die oberfl\u00e4chlichen Falten, die ein glatteres und j\u00fcngeres Aussehen des Teints schon nach kurzer Anwendungszeit beg\u00fcnstigen;<\/strong><\/li>\n<li><strong>Allgemeine Verbesserung der Hautstruktur durch Bindung von Wassermolek\u00fclen und Neuausrichtung der nat\u00fcrlichen Hydratation f\u00fcr ein ges\u00fcnderes und gleichm\u00e4\u00dfigeres Aussehen;<\/strong><\/li>\n<li><strong>Langfristige Anti-Aging-Effekt durch Stimulation der Zellproduktion;<\/strong><\/li>\n<li><strong>Leistungsstarke Ern\u00e4hrung reich an:<\/strong>\n<ul>\n<li><strong>100% reine Hyalurons\u00e4ure <\/strong>prallt auf und wirkt dem Volumenverlust unserer Haut entgegen;<\/li>\n<li><strong>Aloe Vera <\/strong>hat antibakterielle, antiseptische, entz\u00fcndungshemmende und beruhigende Eigenschaften, die eine nat\u00fcrliche Verteidigung f\u00fcr die Haut schaffen und hilft dem K\u00f6rper, schnell auf Hautstress und Reizungen zu<strong>reagieren,<\/strong> was die Prozesse der Reparatur von Zeichen auf der<b>Haut vereinfacht;<\/b><\/li>\n<li><strong>Reines Vitamin C ist <\/strong>das wirksamste Antioxidans gegen die degenerierende Wirkung freier Radikale, revitalisiert und verbessert die Elastizit\u00e4t der Haut, indem es die Bildung von Kollagen stimuliert, sch\u00fctzt es vor UV-Strahlen und wirkt der Wirkung toxischer Substanzen entgegen, indem Flecken aufgrund des fortschreitenden Alters verhindert werden und bestehende aufhellen;<\/li>\n<li><strong>Reines Vitamin E hat <\/strong>eine gr\u00f6\u00dfere antioxidative Kapazit\u00e4t und h\u00e4lt die Haut weich, glatt und hydratisiert;<\/li>\n<li><strong>Schneckenschleim hat eine <\/strong>ern\u00e4hrungsphysiologische, regenerierende, peelingende, reinigende, feuchtigkeitsbefeuchtende und antioxidative Wirkung auf der Haut;<\/li>\n<li><strong>Marine Kollagen <\/strong>repariert Hautgewebe und unterst\u00fctzt die Wiedergeburt schw\u00e4cherer Zellstrukturen;<\/li>\n<li><strong>Argan\u00f6l<\/strong> reich an Antioxidantien, die der Bildung von freien Radikalen entgegenwirken, die f\u00fcr das Altern verantwortlich sind, und feuchtigkeitsbefeuchtenden Substanzen, die die Kollagenproduktion erh\u00f6hen und elastische Fasern erhalten, so dass die Haut des Gesichts im Laufe der Zeit frisch und jung bleibt.<\/li>\n<li><strong>Jojoba\u00f6l<\/strong> revitalisiert, regeneriert und beruhigt gereizte Haut, st\u00e4rkt sie und beugt Falten vor;<\/li>\n<li><strong>Retinol<\/strong> stimuliert die Elastizit\u00e4t der Haut und die Produktion von Kollagen, die die nat\u00fcrliche Helligkeit der Haut und regenerierendes Melanin beg\u00fcnstigt, um der Bildung von unansehnlichen dunklen Flecken entgegenzuwirken.<\/li>\n<li><strong>Hagebutte <\/strong>hat entz\u00fcndungshemmende und vitaminisierende Eigenschaften;<\/li>\n<li><strong>Ginseng<\/strong> hat die Eigenschaft, freie Radikale verantwortlich f\u00fcr die zellul\u00e4re Alterung entgegenzuwirken, weil es extrem reich an Antioxidantien ist;<\/li>\n<li><strong>Sheabutter ist<\/strong> reich an Antioxidantien, bek\u00e4mpft freie Radikale und verbessert die Mikrozirkulation im Blut, indem sie r Kampffalten, Ekzeme, Dermatitis verhindert und hilft, die Zeichen der Haut zu vernarben, wie kleine Narben und Anzeichen von Akne;<\/li>\n<li><strong>Feigen\u00f6l hat <\/strong>regenerierende, Umstrukturierung, Straffung Eigenschaften und hilft, den Hautalterungsprozess zu verlangsamen und die Bildung von Falten zu verhindern;<\/li>\n<li><strong>Sesama\u00f6l<\/strong> hat nat\u00fcrliche entz\u00fcndungshemmende Eigenschaften geeignet f\u00fcr die Hautpflege und Schutz;<\/li>\n<li><strong>Reis\u00f6l hat<\/strong> antioxidative Eigenschaften, gegen zellul\u00e4re Alterung und freie Radikale;<\/li>\n<\/ul>\n<ul>\n<li><strong>ICEA-zertifizierter Bio-Duft;<\/strong><\/li>\n<\/ul>\n<\/li>\n<\/ul>\n<p>&nbsp;<\/p>\n<p>DIE QUALIT\u00c4T EINES KOSMETISCHEn PRODUKTEs DEPENDS SOLELY ON ITS INGREDIENTS AND BIOSTEME IS SYNONYMOUS WITH THE HIGHEST QUALITY, SUSTAINABLE, EFFECTIVE COSMETICS PRODUCED IN <strong>ITALY <\/strong>AND CERTIFIED BY WWW.COSMETICANALYSIS.COM THROUGH THE INSTITUTE FOR THE ADVANCEMENT OF<strong> SKIN HEALTH.<\/strong><\/p>\n<p>&nbsp;<\/p>\n<p><strong>Zutaten:<\/strong> AQUA, ARGANIA SPINOSA KERNEL OIL*, SNAIL SECRETION FILTRATE, TOCOPHEROL,SIMMONDSIA CHINENSIS SEED OIL, SESAMUM INDICUM SEED OIL, ORYZA SATIVA OIL*, GLYCERYL STEARATE, CETEARYL ALCOHOL, GLYCERIN, OPUNTIA FICUS INDICA SEED OIL, ASCORBIC ACID, SODIUM HYALURONATE, HYDROLYZED COLLAGEN, ALOE BARBADENSIS EXTRACT, ROSE CANINE FRUIT EXTRACT*, PANAX GINSENG EXTRACT*, BUTYROSPERMUM PARKII ALCOHOL*, POTASSIUM PALMITOYL HYDROLYZED WHEAT PROTEIN, RETINYL PALMIT , DEHYDROACETIC ACID, PARFUM**.<br \/>\n<em>* AUS BIOLOGISCHEM ANBAU<\/em><br \/>\n<em>**ICEA CERTIFIED BIOLOGICAL FRAGRANCE<\/em><\/p>\n<p><strong>VERWENDUNG<\/strong>:<\/p>\n<ol>\n<li>Waschen Sie Ihr Gesicht oder den Teil, wo Sie es mit warmem Wasser auftragen und trocknen durch Dabing.<\/li>\n<li>Tragen Sie eine kleine Menge Serum auf Gesicht, Augenkontur, Hals und Dekollet\u00e9 auf.<\/li>\n<li>Massage mit rotierenden Bewegungen von der Mitte nach au\u00dfen auf dem Gesicht und von unten nach oben auf den Hals.<\/li>\n<li>Beenden Sie, indem Sie leichten Druck auf Gesicht, Hals und Dekollet\u00e9 mit beiden H\u00e4nden, bis vollst\u00e4ndig absorbiert.<\/li>\n<\/ol>\n<p>&nbsp;<\/p>\n<p><strong>WARNUNGEN<\/strong>:<\/p>\n<p>Externe Verwendung. Nicht bei Unvertr\u00e4glichkeit gegen\u00fcber den beschriebenen Inhaltsstoffen verwenden. Halten Sie sich von der Reichweite der Kinder fern. Bewahren Sie die geschlossene Flasche ordnungsgem\u00e4\u00df weg von Licht- oder W\u00e4rmequellen auf. Das erste Mal, wenn Sie es verwenden, wird empfohlen, einen Test auf einem kleinen Bereich der Haut zu machen, der 24 Stunden dauert, um auf allergische Reaktionen zu \u00fcberpr\u00fcfen.<\/p>\n","protected":false},"excerpt":{"rendered":"<p><span style=\"font-size: 16px;\">Reiche, konzentrierte, nat\u00fcrliche Anti-Aging-Hebecreme<\/span> ist bereits bei den ersten Anwendungen mit einer tiefen feuchtigkeitsbefeuchtenden, belebenden, regenerierenden, sch\u00fctzenden und erhellenden Wirkung f\u00fcr die Behandlung und Vorbeugung des Alterns sehr wirksam.<\/p>\n","protected":false},"featured_media":16265,"comment_status":"open","ping_status":"closed","template":"","meta":{"_uag_custom_page_level_css":"","site-sidebar-layout":"no-sidebar","site-content-layout":"boxed-container","ast-site-content-layout":"","site-content-style":"default","site-sidebar-style":"default","ast-global-header-display":"","ast-banner-title-visibility":"","ast-main-header-display":"","ast-hfb-above-header-display":"","ast-hfb-below-header-display":"","ast-hfb-mobile-header-display":"","site-post-title":"","ast-breadcrumbs-content":"","ast-featured-img":"","footer-sml-layout":"","theme-transparent-header-meta":"default","adv-header-id-meta":"","stick-header-meta":"default","header-above-stick-meta":"","header-main-stick-meta":"","header-below-stick-meta":"","astra-migrate-meta-layouts":"default","ast-page-background-enabled":"default","ast-page-background-meta":{"desktop":{"background-color":"","background-image":"","background-repeat":"repeat","background-position":"center center","background-size":"auto","background-attachment":"scroll","background-type":"","background-media":"","overlay-type":"","overlay-color":"","overlay-opacity":"","overlay-gradient":""},"tablet":{"background-color":"","background-image":"","background-repeat":"repeat","background-position":"center center","background-size":"auto","background-attachment":"scroll","background-type":"","background-media":"","overlay-type":"","overlay-color":"","overlay-opacity":"","overlay-gradient":""},"mobile":{"background-color":"","background-image":"","background-repeat":"repeat","background-position":"center center","background-size":"auto","background-attachment":"scroll","background-type":"","background-media":"","overlay-type":"","overlay-color":"","overlay-opacity":"","overlay-gradient":""}},"ast-content-background-meta":{"desktop":{"background-color":"var(--ast-global-color-5)","background-image":"","background-repeat":"repeat","background-position":"center center","background-size":"auto","background-attachment":"scroll","background-type":"","background-media":"","overlay-type":"","overlay-color":"","overlay-opacity":"","overlay-gradient":""},"tablet":{"background-color":"var(--ast-global-color-5)","background-image":"","background-repeat":"repeat","background-position":"center center","background-size":"auto","background-attachment":"scroll","background-type":"","background-media":"","overlay-type":"","overlay-color":"","overlay-opacity":"","overlay-gradient":""},"mobile":{"background-color":"var(--ast-global-color-5)","background-image":"","background-repeat":"repeat","background-position":"center center","background-size":"auto","background-attachment":"scroll","background-type":"","background-media":"","overlay-type":"","overlay-color":"","overlay-opacity":"","overlay-gradient":""}}},"product_cat":[173],"product_tag":[],"yst_prominent_words":[],"class_list":{"0":"post-15736","1":"product","2":"type-product","3":"status-publish","4":"has-post-thumbnail","6":"product_cat-anti-aging-pflege","7":"desktop-align-left","8":"tablet-align-left","9":"mobile-align-left","11":"first","12":"instock","13":"sale","14":"taxable","15":"shipping-taxable","16":"purchasable","17":"product-type-simple"},"uagb_featured_image_src":{"full":["https:\/\/biostema.com\/wp-content\/uploads\/2020\/03\/crema-con-scatola800x800.jpg",800,800,false],"thumbnail":["https:\/\/biostema.com\/wp-content\/uploads\/2020\/03\/crema-con-scatola800x800-150x150.jpg",150,150,true],"medium":["https:\/\/biostema.com\/wp-content\/uploads\/2020\/03\/crema-con-scatola800x800-300x300.jpg",300,300,true],"medium_large":["https:\/\/biostema.com\/wp-content\/uploads\/2020\/03\/crema-con-scatola800x800-768x768.jpg",768,768,true],"large":["https:\/\/biostema.com\/wp-content\/uploads\/2020\/03\/crema-con-scatola800x800.jpg",800,800,false],"1536x1536":["https:\/\/biostema.com\/wp-content\/uploads\/2020\/03\/crema-con-scatola800x800.jpg",800,800,false],"2048x2048":["https:\/\/biostema.com\/wp-content\/uploads\/2020\/03\/crema-con-scatola800x800.jpg",800,800,false],"woocommerce_thumbnail":["https:\/\/biostema.com\/wp-content\/uploads\/2020\/03\/crema-con-scatola800x800-300x300.jpg",300,300,true],"woocommerce_single":["https:\/\/biostema.com\/wp-content\/uploads\/2020\/03\/crema-con-scatola800x800-600x600.jpg",600,600,true],"woocommerce_gallery_thumbnail":["https:\/\/biostema.com\/wp-content\/uploads\/2020\/03\/crema-con-scatola800x800-100x100.jpg",100,100,true]},"uagb_author_info":{"display_name":"antonino","author_link":"https:\/\/biostema.com\/de\/author\/"},"uagb_comment_info":2,"uagb_excerpt":"Reiche, konzentrierte, nat\u00fcrliche Anti-Aging-Hebecreme ist bereits bei den ersten Anwendungen mit einer tiefen feuchtigkeitsbefeuchtenden, belebenden, regenerierenden, sch\u00fctzenden und erhellenden Wirkung f\u00fcr die Behandlung und Vorbeugung des Alterns sehr wirksam.","_links":{"self":[{"href":"https:\/\/biostema.com\/de\/wp-json\/wp\/v2\/product\/15736"}],"collection":[{"href":"https:\/\/biostema.com\/de\/wp-json\/wp\/v2\/product"}],"about":[{"href":"https:\/\/biostema.com\/de\/wp-json\/wp\/v2\/types\/product"}],"replies":[{"embeddable":true,"href":"https:\/\/biostema.com\/de\/wp-json\/wp\/v2\/comments?post=15736"}],"wp:featuredmedia":[{"embeddable":true,"href":"https:\/\/biostema.com\/de\/wp-json\/wp\/v2\/media\/16265"}],"wp:attachment":[{"href":"https:\/\/biostema.com\/de\/wp-json\/wp\/v2\/media?parent=15736"}],"wp:term":[{"taxonomy":"product_cat","embeddable":true,"href":"https:\/\/biostema.com\/de\/wp-json\/wp\/v2\/product_cat?post=15736"},{"taxonomy":"product_tag","embeddable":true,"href":"https:\/\/biostema.com\/de\/wp-json\/wp\/v2\/product_tag?post=15736"},{"taxonomy":"yst_prominent_words","embeddable":true,"href":"https:\/\/biostema.com\/de\/wp-json\/wp\/v2\/yst_prominent_words?post=15736"}],"curies":[{"name":"wp","href":"https:\/\/api.w.org\/{rel}","templated":true}]}}