{"id":15731,"date":"2020-03-18T14:48:44","date_gmt":"2020-11-28T13:12:27","guid":{"rendered":"https:\/\/biostema.com\/prodotto\/aktives-heben-anti-aging-serum\/"},"modified":"2024-07-07T19:41:41","modified_gmt":"2024-07-07T17:41:41","slug":"serum-active-lifting-anti-aging","status":"publish","type":"product","link":"https:\/\/biostema.com\/de\/prodotto\/serum-active-lifting-anti-aging\/","title":{"rendered":"Aktives Heben Anti-Aging Serum"},"content":{"rendered":"<p><strong>Biostema aktives Serumheben<\/strong> Anti-Aging-Naturkonzentrat <strong>hochwirksam bereits von den ersten Anwendungen an mit einer tiefen feuchtigkeits-, tonisierenden, regenerierenden, sch\u00fctzenden und erhellenden Wirkung.<\/strong> Konzentriertes nat\u00fcrliches Anti-Aging-Hebeserum reduziert schnell Falten und feine Linien, indem sie aufgepolstert werden, was die Haut straffer und gl\u00fchender macht.<\/p>\n<p>Biostema Serum Heben Anti-Aging ist ein Konzentrat von Wirkstoffen von h\u00f6chster Qualit\u00e4t (<strong>100% reine Hyalurons\u00e4ure, Aloe Vera Gel, Vitamin C, Vitamin E, Orange Idorlat, Marine Kollagen, Mosqueta rose, Altea Extrakt, mauve Pflanzenextrakt)<\/strong> die zusammen wirken und so die Sch\u00f6nheitspflege perfekt f\u00fcr Ihre Haut ausbalanciert erhalten.<\/p>\n<p>Das hochdosierte Anti-Aging-Biostema-Hebeserum f\u00f6rdert ein perfekt gepflegtes, verj\u00fcngtes und faltenfreies Aussehen der Haut. Die Kombination hochwertiger Wirkstoffe erm\u00f6glicht eine wissenschaftlich nachgewiesene Wirksamkeit, die abprallt, Falten reduziert, Hydratationsdefizite wieder ins Gleichgewicht setzt und jugendliche Elastizit\u00e4t wiederherstellt. Eine au\u00dfergew\u00f6hnliche Sch\u00f6nheitspflege <strong>f\u00fcr Gesicht, Augenkontur, Hals und Dekollet\u00e9.<\/strong><\/p>\n<p>Serum ist sehr effektiv sowohl bei der jungen Haut vor dem Altern und in der reifen Haut f\u00fcr seine plumping und F\u00fcllwirkung.<\/p>\n<p>Dermatologisch und mikrobiologisch getestetantilgetestete Anti-Aging-Serumserum-Biostema werden <strong>in Italien unter Einhaltung<\/strong> h\u00f6chster Qualit\u00e4tsstandards hergestellt und mit Inhaltsstoffen formuliert, die zu organischen Vorschriften zugelassen sind.<\/p>\n<p><strong>Eigenschaften und Vorteile:<\/strong><\/p>\n<ul>\n<li><strong>Anti-Aging-Effekte sichtbar von den ersten Anwendungen dank der hohen Konzentration von Wirkstoffen;<\/strong><\/li>\n<li><strong>Extrem nahrhafte Formel mit ausgezeichneten pflanzlichen Zutaten;<\/strong><\/li>\n<li><strong>F\u00fcr perfekt gepflegte Haut, sichtbar elastischer, straffer und leuchtender;<\/strong><\/li>\n<li><strong>Nat\u00fcrliche, vegane, biologische, Grausamkeit-frei und hergestellt in Italien Kosmetik;<\/strong><\/li>\n<li><strong>Es enth\u00e4lt keine Schadstoffe, ohne Parabene, ohne Mikroplastik, ohne Hormone, ohne Farbstoffe, ohne Stifte, ohne Edta, ohne Silikone;<\/strong><\/li>\n<li><strong>Gehnt sofort die oberfl\u00e4chlichen Falten, die ein glatteres und j\u00fcngeres Aussehen des Teints schon nach kurzer Anwendungszeit beg\u00fcnstigen;<\/strong><\/li>\n<li><strong>Allgemeine Verbesserung der Hautstruktur durch Bindung von Wassermolek\u00fclen und Neuausrichtung der nat\u00fcrlichen Hydratation f\u00fcr ein ges\u00fcnderes und gleichm\u00e4\u00dfigeres Aussehen;<\/strong><\/li>\n<li><strong>Langfristige Anti-Aging-Effekt durch Stimulation der Zellproduktion;<\/strong><\/li>\n<li><strong>Leistungsstarke Pflanzenern\u00e4hrung reich an:<\/strong>\n<ul>\n<li> <strong> 100% reine Hyalurons\u00e4ure <\/strong>prallt auf und wirkt dem Volumenverlust unserer Haut entgegen;<\/li>\n<li><strong>Aloe Vera Gel <\/strong>hat antibakterielle, antiseptische, entz\u00fcndungshemmende und beruhigende Eigenschaften, die eine nat\u00fcrliche Verteidigung f\u00fcr die Haut schaffen und hilft dem K\u00f6rper, schnell auf Hautstress und Reizungen zu<strong>reagieren,<\/strong> was die Prozesse der Reparatur von Zeichen auf der<b>Haut vereinfacht;<\/b><\/li>\n<li><strong>reines Vitamin C ist <\/strong>das wirksamste Antioxidans gegen die degenerierende Wirkung freier Radikale, revitalisiert und verbessert die Elastizit\u00e4t der Haut, indem es die Bildung von Kollagen stimuliert, sch\u00fctzt es vor UV-Strahlen und wirkt der Wirkung toxischer Substanzen entgegen, indem Flecken aufgrund des fortschreitenden Alters verhindert werden und bestehende aufhellen;<\/li>\n<li><strong>reines Vitamin E hat <\/strong>eine gr\u00f6\u00dfere antioxidative Kapazit\u00e4t und h\u00e4lt die Haut weich, glatt und hydratisiert;<\/li>\n<li><strong>orangegebr\u00e4unte T\u00f6ne, <\/strong>beruhigt, erfrischt und regeneriert die Haut;<\/li>\n<li><strong>Marine Kollagen <\/strong>repariert Hautgewebe und unterst\u00fctzt die Wiedergeburt schw\u00e4cherer Zellstrukturen;<\/li>\n<li><strong>rosa mosqueta <\/strong>ist ein Antioxidans, das auf die Zellregeneration wirkt, um die Auswirkungen des Alterns auf die Haut zu bek\u00e4mpfen;<\/li>\n<li><strong>altea Extrakt hat <\/strong>eine starke entz\u00fcndungshemmende Wirkung und seine Anwendung verlangsamt die zellul\u00e4re Alterung auf der Ebene der Epidermis;<\/li>\n<li><strong>pflanzlicher Extrakt von Mauve <\/strong>hat eine h\u00e4molytische, entz\u00fcndungshemmende, antioxidative und heilende Wirkung auf die zellul\u00e4re Regeneration des Hautgewebes;<\/li>\n<\/ul>\n<\/li>\n<li><strong>ICEA-zertifizierter Bio-Duft;<\/strong><\/li>\n<\/ul>\n<p>&nbsp;<\/p>\n<p>DIE QUALIT\u00c4T EINES KOSMETISCHEn PRODUKTEs DEPENDS SOLELY ON ITS INGREDIENTS AND BIOSTEME IS SYNONYMOUS WITH THE HIGHEST QUALITY, SUSTAINABLE AND EFFECTIVE COSMETICS PRODUCED IN ITALY AND<strong> CERTIFIED BY WWW.COSMETICANALYSIS.COM THROUGH THE INSTITUTE FOR THE ADVANCEMENT OF SKIN HEALTH.<\/strong><\/p>\n<p>&nbsp;<\/p>\n<p><strong>ZUTATEN:<\/strong> AQUA, CITRUS AURANTIUM AMARA FLOWER WATER*, SODIUM HYALURONATE, HYDROLYZED COLLAGEN, TOCOPHEROL,GLYCERIN, ASCORBIC ACID, ALOE BARBADENSIS EXTRACT, ALTHEA OFFICINALIS ROOT EXTRACT*, MALVA SYLVESTRIS LEAF EXTRACT*, ROSE MOSCHATA SEED OIL, XANTHAN GUM, POTASSIUM SOR<br \/>\n<em>* AUS BIOLOGISCHEM ANBAU<\/em><br \/>\n<em>**ICEA CERTIFIED BIOLOGICAL FRAGRANCE<\/em><\/p>\n<p><strong>VERWENDUNG<\/strong>:<\/p>\n<ol>\n<li>Waschen Sie Ihr Gesicht oder den Teil, wo Sie es mit warmem Wasser auftragen und trocknen durch Dabing.<\/li>\n<li>Tragen Sie eine kleine Menge Serum auf Gesicht, Augenkontur, Hals und Decolta auf.<\/li>\n<li>Massage mit rotierenden Bewegungen von der Mitte nach au\u00dfen auf dem Gesicht und von unten nach oben auf den Hals.<\/li>\n<li>Beenden Sie, indem Sie leichten Druck auf das Gesicht und den Hals mit beiden H\u00e4nden, bis vollst\u00e4ndig absorbiert.<\/li>\n<\/ol>\n<p>&nbsp;<\/p>\n<p><strong>WARNUNGEN<\/strong>:<\/p>\n<p>Externe Verwendung. Nicht bei Unvertr\u00e4glichkeit gegen\u00fcber den beschriebenen Inhaltsstoffen verwenden. Halten Sie sich von der Reichweite der Kinder fern. Bewahren Sie die geschlossene Flasche ordnungsgem\u00e4\u00df weg von Licht- oder W\u00e4rmequellen auf. Das erste Mal, wenn Sie es verwenden, wird empfohlen, einen Test auf einem kleinen Bereich der Haut zu machen, der 24 Stunden dauert, um auf allergische Reaktionen zu \u00fcberpr\u00fcfen.<\/p>\n","protected":false},"excerpt":{"rendered":"<p>Sehr reichhaltiges, konzentriertes und nat\u00fcrliches Serum bereits bei den ersten Anwendungen mit einer tiefen feuchtigkeitsbefeuchtenden, belebenden, regenerierenden, sch\u00fctzenden und erhellenden Wirkung, die zur Pflege und Vorbeugung des Alterns angezeigt wird.<\/p>\n","protected":false},"featured_media":16001,"comment_status":"open","ping_status":"closed","template":"","meta":{"_uag_custom_page_level_css":"","site-sidebar-layout":"no-sidebar","site-content-layout":"boxed-container","ast-site-content-layout":"","site-content-style":"default","site-sidebar-style":"default","ast-global-header-display":"","ast-banner-title-visibility":"","ast-main-header-display":"","ast-hfb-above-header-display":"","ast-hfb-below-header-display":"","ast-hfb-mobile-header-display":"","site-post-title":"","ast-breadcrumbs-content":"","ast-featured-img":"","footer-sml-layout":"","theme-transparent-header-meta":"default","adv-header-id-meta":"","stick-header-meta":"default","header-above-stick-meta":"","header-main-stick-meta":"","header-below-stick-meta":"","astra-migrate-meta-layouts":"default","ast-page-background-enabled":"default","ast-page-background-meta":{"desktop":{"background-color":"","background-image":"","background-repeat":"repeat","background-position":"center center","background-size":"auto","background-attachment":"scroll","background-type":"","background-media":"","overlay-type":"","overlay-color":"","overlay-opacity":"","overlay-gradient":""},"tablet":{"background-color":"","background-image":"","background-repeat":"repeat","background-position":"center center","background-size":"auto","background-attachment":"scroll","background-type":"","background-media":"","overlay-type":"","overlay-color":"","overlay-opacity":"","overlay-gradient":""},"mobile":{"background-color":"","background-image":"","background-repeat":"repeat","background-position":"center center","background-size":"auto","background-attachment":"scroll","background-type":"","background-media":"","overlay-type":"","overlay-color":"","overlay-opacity":"","overlay-gradient":""}},"ast-content-background-meta":{"desktop":{"background-color":"var(--ast-global-color-5)","background-image":"","background-repeat":"repeat","background-position":"center center","background-size":"auto","background-attachment":"scroll","background-type":"","background-media":"","overlay-type":"","overlay-color":"","overlay-opacity":"","overlay-gradient":""},"tablet":{"background-color":"var(--ast-global-color-5)","background-image":"","background-repeat":"repeat","background-position":"center center","background-size":"auto","background-attachment":"scroll","background-type":"","background-media":"","overlay-type":"","overlay-color":"","overlay-opacity":"","overlay-gradient":""},"mobile":{"background-color":"var(--ast-global-color-5)","background-image":"","background-repeat":"repeat","background-position":"center center","background-size":"auto","background-attachment":"scroll","background-type":"","background-media":"","overlay-type":"","overlay-color":"","overlay-opacity":"","overlay-gradient":""}}},"product_cat":[173],"product_tag":[],"yst_prominent_words":[],"class_list":{"0":"post-15731","1":"product","2":"type-product","3":"status-publish","4":"has-post-thumbnail","6":"product_cat-anti-aging-pflege","7":"desktop-align-left","8":"tablet-align-left","9":"mobile-align-left","11":"first","12":"instock","13":"sale","14":"taxable","15":"shipping-taxable","16":"purchasable","17":"product-type-simple"},"uagb_featured_image_src":{"full":["https:\/\/biostema.com\/wp-content\/uploads\/2020\/03\/siero-aperto-trasparente1000x1000.jpg",1000,1001,false],"thumbnail":["https:\/\/biostema.com\/wp-content\/uploads\/2020\/03\/siero-aperto-trasparente1000x1000-150x150.jpg",150,150,true],"medium":["https:\/\/biostema.com\/wp-content\/uploads\/2020\/03\/siero-aperto-trasparente1000x1000-300x300.jpg",300,300,true],"medium_large":["https:\/\/biostema.com\/wp-content\/uploads\/2020\/03\/siero-aperto-trasparente1000x1000-768x769.jpg",768,769,true],"large":["https:\/\/biostema.com\/wp-content\/uploads\/2020\/03\/siero-aperto-trasparente1000x1000.jpg",1000,1001,false],"1536x1536":["https:\/\/biostema.com\/wp-content\/uploads\/2020\/03\/siero-aperto-trasparente1000x1000.jpg",1000,1001,false],"2048x2048":["https:\/\/biostema.com\/wp-content\/uploads\/2020\/03\/siero-aperto-trasparente1000x1000.jpg",1000,1001,false],"woocommerce_thumbnail":["https:\/\/biostema.com\/wp-content\/uploads\/2020\/03\/siero-aperto-trasparente1000x1000-300x300.jpg",300,300,true],"woocommerce_single":["https:\/\/biostema.com\/wp-content\/uploads\/2020\/03\/siero-aperto-trasparente1000x1000-600x601.jpg",600,601,true],"woocommerce_gallery_thumbnail":["https:\/\/biostema.com\/wp-content\/uploads\/2020\/03\/siero-aperto-trasparente1000x1000-100x100.jpg",100,100,true]},"uagb_author_info":{"display_name":"antonino","author_link":"https:\/\/biostema.com\/de\/author\/"},"uagb_comment_info":4,"uagb_excerpt":"Sehr reichhaltiges, konzentriertes und nat\u00fcrliches Serum bereits bei den ersten Anwendungen mit einer tiefen feuchtigkeitsbefeuchtenden, belebenden, regenerierenden, sch\u00fctzenden und erhellenden Wirkung, die zur Pflege und Vorbeugung des Alterns angezeigt wird.","_links":{"self":[{"href":"https:\/\/biostema.com\/de\/wp-json\/wp\/v2\/product\/15731"}],"collection":[{"href":"https:\/\/biostema.com\/de\/wp-json\/wp\/v2\/product"}],"about":[{"href":"https:\/\/biostema.com\/de\/wp-json\/wp\/v2\/types\/product"}],"replies":[{"embeddable":true,"href":"https:\/\/biostema.com\/de\/wp-json\/wp\/v2\/comments?post=15731"}],"wp:featuredmedia":[{"embeddable":true,"href":"https:\/\/biostema.com\/de\/wp-json\/wp\/v2\/media\/16001"}],"wp:attachment":[{"href":"https:\/\/biostema.com\/de\/wp-json\/wp\/v2\/media?parent=15731"}],"wp:term":[{"taxonomy":"product_cat","embeddable":true,"href":"https:\/\/biostema.com\/de\/wp-json\/wp\/v2\/product_cat?post=15731"},{"taxonomy":"product_tag","embeddable":true,"href":"https:\/\/biostema.com\/de\/wp-json\/wp\/v2\/product_tag?post=15731"},{"taxonomy":"yst_prominent_words","embeddable":true,"href":"https:\/\/biostema.com\/de\/wp-json\/wp\/v2\/yst_prominent_words?post=15731"}],"curies":[{"name":"wp","href":"https:\/\/api.w.org\/{rel}","templated":true}]}}