{"id":15604,"date":"2020-11-26T21:53:16","date_gmt":"2020-11-26T20:53:16","guid":{"rendered":"https:\/\/biostema.com\/cookie-richtlinie\/"},"modified":"2020-11-26T21:53:19","modified_gmt":"2020-11-26T20:53:19","slug":"cookie-richtlinie","status":"publish","type":"page","link":"https:\/\/biostema.com\/de\/cookie-richtlinie\/","title":{"rendered":"Cookie-Richtlinie"},"content":{"rendered":"<h2 class=\"wp-block-heading\">Informationen zu dieser Cookie-Richtlinie<\/h2><p>Diese Cookie-Richtlinie erkl\u00e4rt, was Cookies sind und wie wir sie verwenden. Sie sollten diese Richtlinie lesen, um zu verstehen, was Cookies sind, wie wir sie verwenden, welche Arten von Cookies wir verwenden, welche Informationen wir mithilfe von Cookies sammeln und wie diese Informationen verwendet werden und wie die Cookie-Einstellungen gesteuert werden. Weitere Informationen dar\u00fcber, wie wir Ihre pers\u00f6nlichen Daten verwenden, speichern und sch\u00fctzen, finden Sie in unseren Datenschutzbestimmungen.<\/p><p>Sie k\u00f6nnen Ihre Zustimmung zur Cookie-Erkl\u00e4rung auf unserer Website jederzeit \u00e4ndern oder widerrufen.<\/p><p>Erfahren Sie in unserer Datenschutzrichtlinie mehr dar\u00fcber, wer wir sind, wie Sie mit uns Kontakt aufnehmen k\u00f6nnen und wie wir personenbezogene Daten verarbeiten.<\/p><p>Ihre Zustimmung gilt f\u00fcr folgende Domains: <a href=\"https:\/\/www.biostema.com\/\">www.biostema.com<\/a><\/p><h2 class=\"wp-block-heading\">Was sind Cookies?<\/h2><p>ICookies sind kleine Textdateien, in denen kleine Informationen gespeichert werden. Cookies werden auf Ihrem Ger\u00e4t gespeichert, wenn die Website in Ihren Browser geladen wird. Diese Cookies helfen uns dabei, die Website ordnungsgem\u00e4\u00df zu betreiben, die Website sicherer zu machen, eine bessere Benutzererfahrung zu bieten, die Funktionsweise der Website zu verstehen und zu analysieren, was funktioniert und wo Verbesserungen erforderlich sind.<\/p><h2 class=\"wp-block-heading\">Wie verwenden wir Cookies?<\/h2><p>Wie die meisten Online-Dienste verwendet unsere Website Cookies von Erstanbietern und Drittanbietern f\u00fcr verschiedene Zwecke. Eigent\u00fcmer-Cookies sind meistens erforderlich, damit die Website ordnungsgem\u00e4\u00df funktioniert und keine personenbezogenen Daten erfasst.<\/p><p>Die auf unseren Websites verwendeten Cookies von Drittanbietern werden haupts\u00e4chlich verwendet, um zu verstehen, wie sich die Website verh\u00e4lt, wie Sie mit unserer Website interagieren, unsere Dienste sch\u00fctzen, f\u00fcr Sie relevante Werbung bereitstellen und im Allgemeinen die Benutzererfahrung und helfen, zuk\u00fcnftige Interaktionen mit unserer Website zu beschleunigen.<\/p><h2 class=\"wp-block-heading\">Welche Arten von Cookies verwenden wir?<\/h2><p><strong>Unverzichtbar:<\/strong> Einige Cookies sind unerl\u00e4sslich, um die volle Funktionalit\u00e4t unserer Website nutzen zu k\u00f6nnen. Sie erm\u00f6glichen es uns, Benutzersitzungen aufrechtzuerhalten und Sicherheitsbedrohungen zu verhindern. Sie sammeln oder speichern keine pers\u00f6nlichen Daten. Mit diesen Cookies k\u00f6nnen Sie sich beispielsweise in Ihrem Konto anmelden und Produkte sicher in Ihren Warenkorb legen und zur Kasse gehen.<\/p><p><strong>Statistiken:<\/strong> Diese Cookies speichern Informationen wie die Anzahl der Besucher der Website, die Anzahl der eindeutigen Besucher, welche Seiten der Website besucht wurden, die Quelle des Besuchs usw. Diese Daten helfen uns, die Leistung der Website zu verstehen und zu analysieren und festzustellen, wo Verbesserungen erforderlich sind.<\/p><p><strong>Marketing:<\/strong> Unsere Website zeigt Werbung an. Diese Cookies werden verwendet, um die Anzeigen, die wir Ihnen zeigen, so zu personalisieren, dass sie f\u00fcr Sie von Bedeutung sind. Diese Cookies helfen uns auch dabei, die Effizienz dieser Werbekampagnen zu verfolgen.<\/p><p>Die in diesen Cookies gespeicherten Informationen k\u00f6nnen auch von Drittanbieter-Anzeigenanbietern verwendet werden, um Ihnen Anzeigen auf anderen Websites in Ihrem Browser zu schalten.<\/p><p><strong>Funktional:<\/strong> Dies sind die Cookies, die bestimmte nicht wesentliche Funktionen auf unserer Website unterst\u00fctzen. Zu diesen Funktionen geh\u00f6rt das Einbetten von Inhalten wie Videos oder das Teilen von Inhalten auf der Website auf Social Media-Plattformen.<\/p><p><strong>Einstellungen:<\/strong> Mithilfe dieser Cookies k\u00f6nnen wir Ihre Einstellungen und Browsing-Einstellungen wie Spracheinstellungen speichern, um zuk\u00fcnftige Besuche auf der Website besser und effizienter zu gestalten.<\/p><h2 class=\"wp-block-heading\">Wie kann ich die Cookie-Einstellungen steuern?<\/h2><p>Wenn Sie Ihre Einstellungen sp\u00e4ter w\u00e4hrend der Browsersitzung \u00e4ndern m\u00f6chten, k\u00f6nnen Sie auf dem Bildschirm auf die Registerkarte &#8220;Datenschutz und Cookies&#8221; klicken. Daraufhin wird die Einverst\u00e4ndniserkl\u00e4rung erneut angezeigt, mit der Sie Ihre Einstellungen \u00e4ndern oder Ihre Einwilligung vollst\u00e4ndig widerrufen k\u00f6nnen.<\/p><p>Dar\u00fcber hinaus bieten verschiedene Browser verschiedene Methoden zum Blockieren und L\u00f6schen von Cookies, die von Websites verwendet werden. Sie k\u00f6nnen Ihre Browsereinstellungen \u00e4ndern, um Cookies zu blockieren \/ l\u00f6schen. Weitere Informationen zum Verwalten und L\u00f6schen von Cookies finden Sie unter <a href=\"https:\/\/en.wikipedia.org\/wiki\/HTTP_cookie\" target=\"_blank\" rel=\"noreferrer noopener\">wikipedia.org<\/a>, <a href=\"http:\/\/www.allaboutcookies.org\/\" target=\"_blank\" rel=\"noreferrer noopener\">www.allaboutcookies.org.<\/a><\/p>","protected":false},"excerpt":{"rendered":"<p>Informationen zu dieser Cookie-Richtlinie Diese Cookie-Richtlinie erkl\u00e4rt, was Cookies sind und wie wir sie verwenden. Sie sollten diese Richtlinie lesen, um zu verstehen, was Cookies sind, wie wir sie verwenden, welche Arten von Cookies wir verwenden, welche Informationen wir mithilfe von Cookies sammeln und wie diese Informationen verwendet werden und wie die Cookie-Einstellungen gesteuert werden. [&hellip;]<\/p>\n","protected":false},"author":1,"featured_media":0,"parent":0,"menu_order":0,"comment_status":"closed","ping_status":"closed","template":"","meta":{"_uag_custom_page_level_css":"","site-sidebar-layout":"default","site-content-layout":"default","ast-site-content-layout":"","site-content-style":"default","site-sidebar-style":"default","ast-global-header-display":"","ast-banner-title-visibility":"","ast-main-header-display":"","ast-hfb-above-header-display":"","ast-hfb-below-header-display":"","ast-hfb-mobile-header-display":"","site-post-title":"","ast-breadcrumbs-content":"","ast-featured-img":"","footer-sml-layout":"","theme-transparent-header-meta":"default","adv-header-id-meta":"","stick-header-meta":"default","header-above-stick-meta":"","header-main-stick-meta":"","header-below-stick-meta":"","astra-migrate-meta-layouts":"default","ast-page-background-enabled":"default","ast-page-background-meta":{"desktop":{"background-color":"","background-image":"","background-repeat":"repeat","background-position":"center center","background-size":"auto","background-attachment":"scroll","background-type":"","background-media":"","overlay-type":"","overlay-color":"","overlay-opacity":"","overlay-gradient":""},"tablet":{"background-color":"","background-image":"","background-repeat":"repeat","background-position":"center center","background-size":"auto","background-attachment":"scroll","background-type":"","background-media":"","overlay-type":"","overlay-color":"","overlay-opacity":"","overlay-gradient":""},"mobile":{"background-color":"","background-image":"","background-repeat":"repeat","background-position":"center center","background-size":"auto","background-attachment":"scroll","background-type":"","background-media":"","overlay-type":"","overlay-color":"","overlay-opacity":"","overlay-gradient":""}},"ast-content-background-meta":{"desktop":{"background-color":"var(--ast-global-color-5)","background-image":"","background-repeat":"repeat","background-position":"center center","background-size":"auto","background-attachment":"scroll","background-type":"","background-media":"","overlay-type":"","overlay-color":"","overlay-opacity":"","overlay-gradient":""},"tablet":{"background-color":"var(--ast-global-color-5)","background-image":"","background-repeat":"repeat","background-position":"center center","background-size":"auto","background-attachment":"scroll","background-type":"","background-media":"","overlay-type":"","overlay-color":"","overlay-opacity":"","overlay-gradient":""},"mobile":{"background-color":"var(--ast-global-color-5)","background-image":"","background-repeat":"repeat","background-position":"center center","background-size":"auto","background-attachment":"scroll","background-type":"","background-media":"","overlay-type":"","overlay-color":"","overlay-opacity":"","overlay-gradient":""}},"footnotes":""},"yst_prominent_words":[],"class_list":["post-15604","page","type-page","status-publish","hentry"],"uagb_featured_image_src":{"full":false,"thumbnail":false,"medium":false,"medium_large":false,"large":false,"1536x1536":false,"2048x2048":false,"woocommerce_thumbnail":false,"woocommerce_single":false,"woocommerce_gallery_thumbnail":false},"uagb_author_info":{"display_name":"antonino","author_link":"https:\/\/biostema.com\/de\/author\/team-biostema\/"},"uagb_comment_info":0,"uagb_excerpt":"Informationen zu dieser Cookie-Richtlinie Diese Cookie-Richtlinie erkl\u00e4rt, was Cookies sind und wie wir sie verwenden. Sie sollten diese Richtlinie lesen, um zu verstehen, was Cookies sind, wie wir sie verwenden, welche Arten von Cookies wir verwenden, welche Informationen wir mithilfe von Cookies sammeln und wie diese Informationen verwendet werden und wie die Cookie-Einstellungen gesteuert werden.&hellip;","_links":{"self":[{"href":"https:\/\/biostema.com\/de\/wp-json\/wp\/v2\/pages\/15604"}],"collection":[{"href":"https:\/\/biostema.com\/de\/wp-json\/wp\/v2\/pages"}],"about":[{"href":"https:\/\/biostema.com\/de\/wp-json\/wp\/v2\/types\/page"}],"author":[{"embeddable":true,"href":"https:\/\/biostema.com\/de\/wp-json\/wp\/v2\/users\/1"}],"replies":[{"embeddable":true,"href":"https:\/\/biostema.com\/de\/wp-json\/wp\/v2\/comments?post=15604"}],"version-history":[{"count":3,"href":"https:\/\/biostema.com\/de\/wp-json\/wp\/v2\/pages\/15604\/revisions"}],"predecessor-version":[{"id":15607,"href":"https:\/\/biostema.com\/de\/wp-json\/wp\/v2\/pages\/15604\/revisions\/15607"}],"wp:attachment":[{"href":"https:\/\/biostema.com\/de\/wp-json\/wp\/v2\/media?parent=15604"}],"wp:term":[{"taxonomy":"yst_prominent_words","embeddable":true,"href":"https:\/\/biostema.com\/de\/wp-json\/wp\/v2\/yst_prominent_words?post=15604"}],"curies":[{"name":"wp","href":"https:\/\/api.w.org\/{rel}","templated":true}]}}