{"id":15589,"date":"2020-11-26T21:37:33","date_gmt":"2020-11-26T20:37:33","guid":{"rendered":"https:\/\/biostema.com\/wer-wir-sind\/"},"modified":"2021-10-18T21:52:50","modified_gmt":"2021-10-18T19:52:50","slug":"wer-wir-sind","status":"publish","type":"page","link":"https:\/\/biostema.com\/de\/wer-wir-sind\/","title":{"rendered":"Wer wir sind"},"content":{"rendered":"\t\t<div data-elementor-type=\"wp-page\" data-elementor-id=\"15589\" class=\"elementor elementor-15589 elementor-9\">\n\t\t\t\t\t\t<section class=\"elementor-section elementor-top-section elementor-element elementor-element-fb0497d elementor-section-height-min-height elementor-section-boxed elementor-section-height-default elementor-section-items-middle\" data-id=\"fb0497d\" data-element_type=\"section\" data-settings=\"{&quot;background_background&quot;:&quot;classic&quot;}\">\n\t\t\t\t\t\t\t<div class=\"elementor-background-overlay\"><\/div>\n\t\t\t\t\t\t\t<div class=\"elementor-container elementor-column-gap-no\">\n\t\t\t\t\t<div class=\"elementor-column elementor-col-100 elementor-top-column elementor-element elementor-element-325f11c\" data-id=\"325f11c\" data-element_type=\"column\">\n\t\t\t<div class=\"elementor-widget-wrap elementor-element-populated\">\n\t\t\t\t\t\t<div class=\"elementor-element elementor-element-25b39bd elementor-widget elementor-widget-heading\" data-id=\"25b39bd\" data-element_type=\"widget\" data-widget_type=\"heading.default\">\n\t\t\t\t<div class=\"elementor-widget-container\">\n\t\t\t<h1 class=\"elementor-heading-title elementor-size-default\">Wer wir sind<\/h1>\t\t<\/div>\n\t\t\t\t<\/div>\n\t\t\t\t\t<\/div>\n\t\t<\/div>\n\t\t\t\t\t<\/div>\n\t\t<\/section>\n\t\t\t\t<section class=\"elementor-section elementor-top-section elementor-element elementor-element-6233d5b elementor-section-boxed elementor-section-height-default elementor-section-height-default\" data-id=\"6233d5b\" data-element_type=\"section\" data-settings=\"{&quot;background_background&quot;:&quot;classic&quot;}\">\n\t\t\t\t\t\t\t<div class=\"elementor-background-overlay\"><\/div>\n\t\t\t\t\t\t\t<div class=\"elementor-container elementor-column-gap-no\">\n\t\t\t\t\t<div class=\"elementor-column elementor-col-50 elementor-top-column elementor-element elementor-element-4d7ad86\" data-id=\"4d7ad86\" data-element_type=\"column\">\n\t\t\t<div class=\"elementor-widget-wrap elementor-element-populated\">\n\t\t\t\t\t\t<div class=\"elementor-element elementor-element-0e457ca elementor-widget elementor-widget-text-editor\" data-id=\"0e457ca\" data-element_type=\"widget\" data-widget_type=\"text-editor.default\">\n\t\t\t\t<div class=\"elementor-widget-container\">\n\t\t\t\t\t\t\t<p>Biostema ist eine Marke, die die Qualit\u00e4t von Naturkosmetikprodukten und Accessoires f\u00fcr Ihre Sch\u00f6nheit repr\u00e4sentiert. Unsere ist eine Realit\u00e4t, die aus einer Leidenschaft f\u00fcr Naturkosmetik entstanden ist, die darauf abzielt, hervorragende Produkte f\u00fcr die Pflege und das Wohlbefinden des Menschen anzubieten. Unsere Produkte werden nur mit Materialien und Rohstoffen erster Wahl hergestellt. <\/p>\n\t\t\t\t\t\t<\/div>\n\t\t\t\t<\/div>\n\t\t\t\t<div class=\"elementor-element elementor-element-863de9b elementor-widget elementor-widget-heading\" data-id=\"863de9b\" data-element_type=\"widget\" data-widget_type=\"heading.default\">\n\t\t\t\t<div class=\"elementor-widget-container\">\n\t\t\t<h3 class=\"elementor-heading-title elementor-size-default\">\"Sch\u00f6nheit scheint im Herzen desjenigen, der danach strebt\"<\/h3>\t\t<\/div>\n\t\t\t\t<\/div>\n\t\t\t\t<div class=\"elementor-element elementor-element-2f9f71a elementor-widget elementor-widget-heading\" data-id=\"2f9f71a\" data-element_type=\"widget\" data-widget_type=\"heading.default\">\n\t\t\t\t<div class=\"elementor-widget-container\">\n\t\t\t<h4 class=\"elementor-heading-title elementor-size-default\">Eigenschaften unserer Produkte<\/h4>\t\t<\/div>\n\t\t\t\t<\/div>\n\t\t\t\t<section class=\"elementor-section elementor-inner-section elementor-element elementor-element-c99dd70 elementor-section-boxed elementor-section-height-default elementor-section-height-default\" data-id=\"c99dd70\" data-element_type=\"section\">\n\t\t\t\t\t\t<div class=\"elementor-container elementor-column-gap-no\">\n\t\t\t\t\t<div class=\"elementor-column elementor-col-50 elementor-inner-column elementor-element elementor-element-5fa87a6\" data-id=\"5fa87a6\" data-element_type=\"column\">\n\t\t\t<div class=\"elementor-widget-wrap elementor-element-populated\">\n\t\t\t\t\t\t<div class=\"elementor-element elementor-element-7047d01 elementor-icon-list--layout-traditional elementor-list-item-link-full_width elementor-widget elementor-widget-icon-list\" data-id=\"7047d01\" data-element_type=\"widget\" data-widget_type=\"icon-list.default\">\n\t\t\t\t<div class=\"elementor-widget-container\">\n\t\t\t\t\t<ul class=\"elementor-icon-list-items\">\n\t\t\t\t\t\t\t<li class=\"elementor-icon-list-item\">\n\t\t\t\t\t\t\t\t\t\t\t<span class=\"elementor-icon-list-icon\">\n\t\t\t\t\t\t\t<i aria-hidden=\"true\" class=\"fas fa-caret-right\"><\/i>\t\t\t\t\t\t<\/span>\n\t\t\t\t\t\t\t\t\t\t<span class=\"elementor-icon-list-text\">Sichere, biologische und nat\u00fcrliche Produkte<\/span>\n\t\t\t\t\t\t\t\t\t<\/li>\n\t\t\t\t\t\t\t\t<li class=\"elementor-icon-list-item\">\n\t\t\t\t\t\t\t\t\t\t\t<span class=\"elementor-icon-list-icon\">\n\t\t\t\t\t\t\t<i aria-hidden=\"true\" class=\"fas fa-caret-right\"><\/i>\t\t\t\t\t\t<\/span>\n\t\t\t\t\t\t\t\t\t\t<span class=\"elementor-icon-list-text\">Made In Italy<\/span>\n\t\t\t\t\t\t\t\t\t<\/li>\n\t\t\t\t\t\t<\/ul>\n\t\t\t\t<\/div>\n\t\t\t\t<\/div>\n\t\t\t\t\t<\/div>\n\t\t<\/div>\n\t\t\t\t<div class=\"elementor-column elementor-col-50 elementor-inner-column elementor-element elementor-element-a53f58d\" data-id=\"a53f58d\" data-element_type=\"column\">\n\t\t\t<div class=\"elementor-widget-wrap elementor-element-populated\">\n\t\t\t\t\t\t<div class=\"elementor-element elementor-element-b617344 elementor-icon-list--layout-traditional elementor-list-item-link-full_width elementor-widget elementor-widget-icon-list\" data-id=\"b617344\" data-element_type=\"widget\" data-widget_type=\"icon-list.default\">\n\t\t\t\t<div class=\"elementor-widget-container\">\n\t\t\t\t\t<ul class=\"elementor-icon-list-items\">\n\t\t\t\t\t\t\t<li class=\"elementor-icon-list-item\">\n\t\t\t\t\t\t\t\t\t\t\t<span class=\"elementor-icon-list-icon\">\n\t\t\t\t\t\t\t<i aria-hidden=\"true\" class=\"fas fa-caret-right\"><\/i>\t\t\t\t\t\t<\/span>\n\t\t\t\t\t\t\t\t\t\t<span class=\"elementor-icon-list-text\">Grausamkeitsfreie und nachhaltige Produkte<\/span>\n\t\t\t\t\t\t\t\t\t<\/li>\n\t\t\t\t\t\t\t\t<li class=\"elementor-icon-list-item\">\n\t\t\t\t\t\t\t\t\t\t\t<span class=\"elementor-icon-list-icon\">\n\t\t\t\t\t\t\t<i aria-hidden=\"true\" class=\"fas fa-caret-right\"><\/i>\t\t\t\t\t\t<\/span>\n\t\t\t\t\t\t\t\t\t\t<span class=\"elementor-icon-list-text\">Transparenz und Vertrauen<\/span>\n\t\t\t\t\t\t\t\t\t<\/li>\n\t\t\t\t\t\t<\/ul>\n\t\t\t\t<\/div>\n\t\t\t\t<\/div>\n\t\t\t\t\t<\/div>\n\t\t<\/div>\n\t\t\t\t\t<\/div>\n\t\t<\/section>\n\t\t\t\t\t<\/div>\n\t\t<\/div>\n\t\t\t\t<div class=\"elementor-column elementor-col-50 elementor-top-column elementor-element elementor-element-03a6bc5\" data-id=\"03a6bc5\" data-element_type=\"column\">\n\t\t\t<div class=\"elementor-widget-wrap elementor-element-populated\">\n\t\t\t\t\t\t<div class=\"elementor-element elementor-element-02ae585 elementor-widget elementor-widget-image\" data-id=\"02ae585\" data-element_type=\"widget\" data-widget_type=\"image.default\">\n\t\t\t\t<div class=\"elementor-widget-container\">\n\t\t\t\t\t\t\t\t\t\t\t\t\t<img fetchpriority=\"high\" decoding=\"async\" width=\"768\" height=\"768\" src=\"https:\/\/biostema.com\/wp-content\/uploads\/2021\/07\/foto-insieme-originale800x800-768x768.jpg\" class=\"attachment-medium_large size-medium_large wp-image-15797\" alt=\"\" srcset=\"https:\/\/biostema.com\/wp-content\/uploads\/2021\/07\/foto-insieme-originale800x800-768x768.jpg 768w, https:\/\/biostema.com\/wp-content\/uploads\/2021\/07\/foto-insieme-originale800x800-300x300.jpg 300w, https:\/\/biostema.com\/wp-content\/uploads\/2021\/07\/foto-insieme-originale800x800-100x100.jpg 100w, https:\/\/biostema.com\/wp-content\/uploads\/2021\/07\/foto-insieme-originale800x800-600x600.jpg 600w, https:\/\/biostema.com\/wp-content\/uploads\/2021\/07\/foto-insieme-originale800x800-150x150.jpg 150w, https:\/\/biostema.com\/wp-content\/uploads\/2021\/07\/foto-insieme-originale800x800.jpg 800w\" sizes=\"(max-width: 768px) 100vw, 768px\" \/>\t\t\t\t\t\t\t\t\t\t\t\t\t<\/div>\n\t\t\t\t<\/div>\n\t\t\t\t\t<\/div>\n\t\t<\/div>\n\t\t\t\t\t<\/div>\n\t\t<\/section>\n\t\t\t\t<section class=\"elementor-section elementor-top-section elementor-element elementor-element-26a25bc elementor-section-boxed elementor-section-height-default elementor-section-height-default\" data-id=\"26a25bc\" data-element_type=\"section\" data-settings=\"{&quot;background_background&quot;:&quot;classic&quot;}\">\n\t\t\t\t\t\t<div class=\"elementor-container elementor-column-gap-no\">\n\t\t\t\t\t<div class=\"elementor-column elementor-col-100 elementor-top-column elementor-element elementor-element-5c35a23\" data-id=\"5c35a23\" data-element_type=\"column\">\n\t\t\t<div class=\"elementor-widget-wrap elementor-element-populated\">\n\t\t\t\t\t\t<div class=\"elementor-element elementor-element-2a3694a elementor-widget elementor-widget-image-carousel\" data-id=\"2a3694a\" data-element_type=\"widget\" data-settings=\"{&quot;slides_to_show&quot;:&quot;5&quot;,&quot;navigation&quot;:&quot;none&quot;,&quot;slides_to_show_tablet&quot;:&quot;3&quot;,&quot;slides_to_scroll_tablet&quot;:&quot;1&quot;,&quot;slides_to_show_mobile&quot;:&quot;1&quot;,&quot;autoplay&quot;:&quot;yes&quot;,&quot;pause_on_hover&quot;:&quot;yes&quot;,&quot;pause_on_interaction&quot;:&quot;yes&quot;,&quot;autoplay_speed&quot;:5000,&quot;infinite&quot;:&quot;yes&quot;,&quot;speed&quot;:500}\" data-widget_type=\"image-carousel.default\">\n\t\t\t\t<div class=\"elementor-widget-container\">\n\t\t\t\t\t<div class=\"elementor-image-carousel-wrapper swiper\" dir=\"ltr\">\n\t\t\t<div class=\"elementor-image-carousel swiper-wrapper\" aria-live=\"off\">\n\t\t\t\t\t\t\t\t<div class=\"swiper-slide\" role=\"group\" aria-roledescription=\"slide\" aria-label=\"1 von 7\"><a data-elementor-open-lightbox=\"yes\" data-elementor-lightbox-slideshow=\"2a3694a\" data-e-action-hash=\"#elementor-action%3Aaction%3Dlightbox%26settings%3DeyJpZCI6IjE0NDk5IiwidXJsIjpmYWxzZSwic2xpZGVzaG93IjoiMmEzNjk0YSJ9\" href=\"#\"><figure class=\"swiper-slide-inner\"><img decoding=\"async\" class=\"swiper-slide-image\" src=\"https:\/\/biostema.com\/wp-content\/uploads\/2020\/06\/logo-01-free-img.png\" alt=\"\" \/><\/figure><\/a><\/div><div class=\"swiper-slide\" role=\"group\" aria-roledescription=\"slide\" aria-label=\"2 von 7\"><a data-elementor-open-lightbox=\"yes\" data-elementor-lightbox-slideshow=\"2a3694a\" data-e-action-hash=\"#elementor-action%3Aaction%3Dlightbox%26settings%3DeyJpZCI6IjE0NTAyIiwidXJsIjpmYWxzZSwic2xpZGVzaG93IjoiMmEzNjk0YSJ9\" href=\"#\"><figure class=\"swiper-slide-inner\"><img decoding=\"async\" class=\"swiper-slide-image\" src=\"https:\/\/biostema.com\/wp-content\/uploads\/2020\/06\/logo-02-free-img.png\" alt=\"\" \/><\/figure><\/a><\/div><div class=\"swiper-slide\" role=\"group\" aria-roledescription=\"slide\" aria-label=\"3 von 7\"><a data-elementor-open-lightbox=\"yes\" data-elementor-lightbox-slideshow=\"2a3694a\" data-e-action-hash=\"#elementor-action%3Aaction%3Dlightbox%26settings%3DeyJpZCI6IjE0NTA1IiwidXJsIjpmYWxzZSwic2xpZGVzaG93IjoiMmEzNjk0YSJ9\" href=\"#\"><figure class=\"swiper-slide-inner\"><img decoding=\"async\" class=\"swiper-slide-image\" src=\"https:\/\/biostema.com\/wp-content\/uploads\/2020\/06\/logo-03-free-img.png\" alt=\"\" \/><\/figure><\/a><\/div><div class=\"swiper-slide\" role=\"group\" aria-roledescription=\"slide\" aria-label=\"4 von 7\"><a data-elementor-open-lightbox=\"yes\" data-elementor-lightbox-slideshow=\"2a3694a\" data-e-action-hash=\"#elementor-action%3Aaction%3Dlightbox%26settings%3DeyJpZCI6IjE0NTA4IiwidXJsIjpmYWxzZSwic2xpZGVzaG93IjoiMmEzNjk0YSJ9\" href=\"#\"><figure class=\"swiper-slide-inner\"><img decoding=\"async\" class=\"swiper-slide-image\" src=\"https:\/\/biostema.com\/wp-content\/uploads\/2020\/06\/logo-04-free-img.png\" alt=\"\" \/><\/figure><\/a><\/div><div class=\"swiper-slide\" role=\"group\" aria-roledescription=\"slide\" aria-label=\"5 von 7\"><a data-elementor-open-lightbox=\"yes\" data-elementor-lightbox-slideshow=\"2a3694a\" data-e-action-hash=\"#elementor-action%3Aaction%3Dlightbox%26settings%3DeyJpZCI6IjE0NTExIiwidXJsIjpmYWxzZSwic2xpZGVzaG93IjoiMmEzNjk0YSJ9\" href=\"#\"><figure class=\"swiper-slide-inner\"><img decoding=\"async\" class=\"swiper-slide-image\" src=\"https:\/\/biostema.com\/wp-content\/uploads\/2020\/06\/logo-05-free-img.png\" alt=\"\" \/><\/figure><\/a><\/div><div class=\"swiper-slide\" role=\"group\" aria-roledescription=\"slide\" aria-label=\"6 von 7\"><a data-elementor-open-lightbox=\"yes\" data-elementor-lightbox-slideshow=\"2a3694a\" data-e-action-hash=\"#elementor-action%3Aaction%3Dlightbox%26settings%3DeyJpZCI6IjE0NTE0IiwidXJsIjpmYWxzZSwic2xpZGVzaG93IjoiMmEzNjk0YSJ9\" href=\"#\"><figure class=\"swiper-slide-inner\"><img decoding=\"async\" class=\"swiper-slide-image\" src=\"https:\/\/biostema.com\/wp-content\/uploads\/2020\/06\/logo-06-free-img.png\" alt=\"\" \/><\/figure><\/a><\/div><div class=\"swiper-slide\" role=\"group\" aria-roledescription=\"slide\" aria-label=\"7 von 7\"><a data-elementor-open-lightbox=\"yes\" data-elementor-lightbox-slideshow=\"2a3694a\" data-e-action-hash=\"#elementor-action%3Aaction%3Dlightbox%26settings%3DeyJpZCI6IjE0NTE3IiwidXJsIjpmYWxzZSwic2xpZGVzaG93IjoiMmEzNjk0YSJ9\" href=\"#\"><figure class=\"swiper-slide-inner\"><img decoding=\"async\" class=\"swiper-slide-image\" src=\"https:\/\/biostema.com\/wp-content\/uploads\/2020\/06\/logo-07-free-img.png\" alt=\"\" \/><\/figure><\/a><\/div>\t\t\t<\/div>\n\t\t\t\t\t\t\t\n\t\t\t\t\t\t\t\t\t<\/div>\n\t\t\t\t<\/div>\n\t\t\t\t<\/div>\n\t\t\t\t\t<\/div>\n\t\t<\/div>\n\t\t\t\t\t<\/div>\n\t\t<\/section>\n\t\t\t\t<\/div>\n\t\t","protected":false},"excerpt":{"rendered":"<p>Wer wir sind Biostema ist eine Marke, die die Qualit\u00e4t von Naturkosmetikprodukten und Accessoires f\u00fcr Ihre Sch\u00f6nheit repr\u00e4sentiert. Unsere ist eine Realit\u00e4t, die aus einer Leidenschaft f\u00fcr Naturkosmetik entstanden ist, die darauf abzielt, hervorragende Produkte f\u00fcr die Pflege und das Wohlbefinden des Menschen anzubieten. Unsere Produkte werden nur mit Materialien und Rohstoffen erster Wahl hergestellt. [&hellip;]<\/p>\n","protected":false},"author":1,"featured_media":16001,"parent":0,"menu_order":0,"comment_status":"closed","ping_status":"closed","template":"","meta":{"_uag_custom_page_level_css":"","site-sidebar-layout":"no-sidebar","site-content-layout":"page-builder","ast-site-content-layout":"","site-content-style":"default","site-sidebar-style":"default","ast-global-header-display":"","ast-banner-title-visibility":"","ast-main-header-display":"","ast-hfb-above-header-display":"","ast-hfb-below-header-display":"","ast-hfb-mobile-header-display":"","site-post-title":"disabled","ast-breadcrumbs-content":"","ast-featured-img":"disabled","footer-sml-layout":"","theme-transparent-header-meta":"enabled","adv-header-id-meta":"","stick-header-meta":"default","header-above-stick-meta":"","header-main-stick-meta":"","header-below-stick-meta":"","astra-migrate-meta-layouts":"default","ast-page-background-enabled":"default","ast-page-background-meta":{"desktop":{"background-color":"","background-image":"","background-repeat":"repeat","background-position":"center center","background-size":"auto","background-attachment":"scroll","background-type":"","background-media":"","overlay-type":"","overlay-color":"","overlay-opacity":"","overlay-gradient":""},"tablet":{"background-color":"","background-image":"","background-repeat":"repeat","background-position":"center center","background-size":"auto","background-attachment":"scroll","background-type":"","background-media":"","overlay-type":"","overlay-color":"","overlay-opacity":"","overlay-gradient":""},"mobile":{"background-color":"","background-image":"","background-repeat":"repeat","background-position":"center center","background-size":"auto","background-attachment":"scroll","background-type":"","background-media":"","overlay-type":"","overlay-color":"","overlay-opacity":"","overlay-gradient":""}},"ast-content-background-meta":{"desktop":{"background-color":"var(--ast-global-color-5)","background-image":"","background-repeat":"repeat","background-position":"center center","background-size":"auto","background-attachment":"scroll","background-type":"","background-media":"","overlay-type":"","overlay-color":"","overlay-opacity":"","overlay-gradient":""},"tablet":{"background-color":"var(--ast-global-color-5)","background-image":"","background-repeat":"repeat","background-position":"center center","background-size":"auto","background-attachment":"scroll","background-type":"","background-media":"","overlay-type":"","overlay-color":"","overlay-opacity":"","overlay-gradient":""},"mobile":{"background-color":"var(--ast-global-color-5)","background-image":"","background-repeat":"repeat","background-position":"center center","background-size":"auto","background-attachment":"scroll","background-type":"","background-media":"","overlay-type":"","overlay-color":"","overlay-opacity":"","overlay-gradient":""}},"footnotes":""},"yst_prominent_words":[],"class_list":["post-15589","page","type-page","status-publish","has-post-thumbnail","hentry"],"uagb_featured_image_src":{"full":["https:\/\/biostema.com\/wp-content\/uploads\/2020\/03\/siero-aperto-trasparente1000x1000.jpg",1000,1001,false],"thumbnail":["https:\/\/biostema.com\/wp-content\/uploads\/2020\/03\/siero-aperto-trasparente1000x1000-150x150.jpg",150,150,true],"medium":["https:\/\/biostema.com\/wp-content\/uploads\/2020\/03\/siero-aperto-trasparente1000x1000-300x300.jpg",300,300,true],"medium_large":["https:\/\/biostema.com\/wp-content\/uploads\/2020\/03\/siero-aperto-trasparente1000x1000-768x769.jpg",768,769,true],"large":["https:\/\/biostema.com\/wp-content\/uploads\/2020\/03\/siero-aperto-trasparente1000x1000.jpg",1000,1001,false],"1536x1536":["https:\/\/biostema.com\/wp-content\/uploads\/2020\/03\/siero-aperto-trasparente1000x1000.jpg",1000,1001,false],"2048x2048":["https:\/\/biostema.com\/wp-content\/uploads\/2020\/03\/siero-aperto-trasparente1000x1000.jpg",1000,1001,false],"woocommerce_thumbnail":["https:\/\/biostema.com\/wp-content\/uploads\/2020\/03\/siero-aperto-trasparente1000x1000-300x300.jpg",300,300,true],"woocommerce_single":["https:\/\/biostema.com\/wp-content\/uploads\/2020\/03\/siero-aperto-trasparente1000x1000-600x601.jpg",600,601,true],"woocommerce_gallery_thumbnail":["https:\/\/biostema.com\/wp-content\/uploads\/2020\/03\/siero-aperto-trasparente1000x1000-100x100.jpg",100,100,true]},"uagb_author_info":{"display_name":"antonino","author_link":"https:\/\/biostema.com\/de\/author\/team-biostema\/"},"uagb_comment_info":0,"uagb_excerpt":"Wer wir sind Biostema ist eine Marke, die die Qualit\u00e4t von Naturkosmetikprodukten und Accessoires f\u00fcr Ihre Sch\u00f6nheit repr\u00e4sentiert. Unsere ist eine Realit\u00e4t, die aus einer Leidenschaft f\u00fcr Naturkosmetik entstanden ist, die darauf abzielt, hervorragende Produkte f\u00fcr die Pflege und das Wohlbefinden des Menschen anzubieten. Unsere Produkte werden nur mit Materialien und Rohstoffen erster Wahl hergestellt.&hellip;","_links":{"self":[{"href":"https:\/\/biostema.com\/de\/wp-json\/wp\/v2\/pages\/15589"}],"collection":[{"href":"https:\/\/biostema.com\/de\/wp-json\/wp\/v2\/pages"}],"about":[{"href":"https:\/\/biostema.com\/de\/wp-json\/wp\/v2\/types\/page"}],"author":[{"embeddable":true,"href":"https:\/\/biostema.com\/de\/wp-json\/wp\/v2\/users\/1"}],"replies":[{"embeddable":true,"href":"https:\/\/biostema.com\/de\/wp-json\/wp\/v2\/comments?post=15589"}],"version-history":[{"count":14,"href":"https:\/\/biostema.com\/de\/wp-json\/wp\/v2\/pages\/15589\/revisions"}],"predecessor-version":[{"id":16172,"href":"https:\/\/biostema.com\/de\/wp-json\/wp\/v2\/pages\/15589\/revisions\/16172"}],"wp:featuredmedia":[{"embeddable":true,"href":"https:\/\/biostema.com\/de\/wp-json\/wp\/v2\/media\/16001"}],"wp:attachment":[{"href":"https:\/\/biostema.com\/de\/wp-json\/wp\/v2\/media?parent=15589"}],"wp:term":[{"taxonomy":"yst_prominent_words","embeddable":true,"href":"https:\/\/biostema.com\/de\/wp-json\/wp\/v2\/yst_prominent_words?post=15589"}],"curies":[{"name":"wp","href":"https:\/\/api.w.org\/{rel}","templated":true}]}}